{"id":77,"date":"2018-05-01T12:36:10","date_gmt":"2018-05-01T10:36:10","guid":{"rendered":"https:\/\/www.eddh-airport.de\/eddhairport\/?page_id=77"},"modified":"2018-05-06T07:54:13","modified_gmt":"2018-05-06T05:54:13","slug":"aegean-airlines-a3-aee","status":"publish","type":"page","link":"https:\/\/www.eddh-airport.de\/eddhairport\/aegean-airlines-a3-aee\/","title":{"rendered":"Aegean Airlines (A3\/AEE)"},"content":{"rendered":"<h5>Aegean Airlines<\/h5>\n<p>Die griechische Aegean Airlines fliegt seit Ende Mai 2014 nach Hamburg. Anfangs ging es von Athen und Heraklion nach Hamburg. Heute befindet sich nur noch Athen im Flugplan, daf\u00fcr aber t\u00e4glich. Zum Einsatz kommen regul\u00e4r Maschinen des Typs Airbus A320.<\/p>\n<p>Aegean Airlines wurde im Jahr 1999 gegr\u00fcndet und ist seit Ende Juni 2010 Mitglied im Airlineverbund der Star Alliance.<\/p>\n<p>Die Fluggesellschaft betreibt eine reine Airbusflotte aus 1x A319-100, 37x A320-200 und 9x A321-200. Der Altersdurchschnitt betr\u00e4gt 9,4 Jahre.<\/p>\n<p>Hier geht es zur <a href=\"https:\/\/de.aegeanair.com\/\" target=\"_blank\" rel=\"noopener\">Webseite<\/a> von Aegean Airlines<\/p>\n","protected":false},"excerpt":{"rendered":"<p>Aegean Airlines Die griechische Aegean Airlines fliegt seit Ende Mai 2014 nach Hamburg. Anfangs ging es von Athen und Heraklion nach Hamburg. Heute befindet sich nur noch Athen im Flugplan, daf\u00fcr aber t\u00e4glich. Zum Einsatz kommen regul\u00e4r Maschinen des Typs Airbus A320. Aegean Airlines wurde im Jahr 1999 gegr\u00fcndet und ist seit Ende Juni 2010 [&hellip;]<\/p>\n","protected":false},"author":1,"featured_media":78,"parent":0,"menu_order":0,"comment_status":"closed","ping_status":"closed","template":"","meta":{"_monsterinsights_skip_tracking":false,"_monsterinsights_sitenote_active":false,"_monsterinsights_sitenote_note":"","_monsterinsights_sitenote_category":0,"site-sidebar-layout":"default","site-content-layout":"","ast-site-content-layout":"default","site-content-style":"default","site-sidebar-style":"default","ast-global-header-display":"","ast-banner-title-visibility":"","ast-main-header-display":"","ast-hfb-above-header-display":"","ast-hfb-below-header-display":"","ast-hfb-mobile-header-display":"","site-post-title":"","ast-breadcrumbs-content":"","ast-featured-img":"","footer-sml-layout":"","ast-disable-related-posts":"","theme-transparent-header-meta":"","adv-header-id-meta":"","stick-header-meta":"","header-above-stick-meta":"","header-main-stick-meta":"","header-below-stick-meta":"","astra-migrate-meta-layouts":"default","ast-page-background-enabled":"default","ast-page-background-meta":{"desktop":{"background-color":"","background-image":"","background-repeat":"repeat","background-position":"center center","background-size":"auto","background-attachment":"scroll","background-type":"","background-media":"","overlay-type":"","overlay-color":"","overlay-opacity":"","overlay-gradient":""},"tablet":{"background-color":"","background-image":"","background-repeat":"repeat","background-position":"center center","background-size":"auto","background-attachment":"scroll","background-type":"","background-media":"","overlay-type":"","overlay-color":"","overlay-opacity":"","overlay-gradient":""},"mobile":{"background-color":"","background-image":"","background-repeat":"repeat","background-position":"center center","background-size":"auto","background-attachment":"scroll","background-type":"","background-media":"","overlay-type":"","overlay-color":"","overlay-opacity":"","overlay-gradient":""}},"ast-content-background-meta":{"desktop":{"background-color":"var(--ast-global-color-5)","background-image":"","background-repeat":"repeat","background-position":"center center","background-size":"auto","background-attachment":"scroll","background-type":"","background-media":"","overlay-type":"","overlay-color":"","overlay-opacity":"","overlay-gradient":""},"tablet":{"background-color":"var(--ast-global-color-5)","background-image":"","background-repeat":"repeat","background-position":"center center","background-size":"auto","background-attachment":"scroll","background-type":"","background-media":"","overlay-type":"","overlay-color":"","overlay-opacity":"","overlay-gradient":""},"mobile":{"background-color":"var(--ast-global-color-5)","background-image":"","background-repeat":"repeat","background-position":"center center","background-size":"auto","background-attachment":"scroll","background-type":"","background-media":"","overlay-type":"","overlay-color":"","overlay-opacity":"","overlay-gradient":""}},"footnotes":""},"class_list":["post-77","page","type-page","status-publish","has-post-thumbnail","hentry"],"yoast_head":"<!-- This site is optimized with the Yoast SEO plugin v27.1.1 - https:\/\/yoast.com\/product\/yoast-seo-wordpress\/ -->\n<title>Aegean Airlines (A3\/AEE) - eddh-airport<\/title>\n<meta name=\"description\" content=\"Aegean Airlines Die griechische Aegean Airlines fliegt seit Ende Mai 2014 nach Hamburg. Anfangs ging es von Athen und Heraklion nach Hamburg. Heute befindet sich nur noch Athen im Flugplan, daf\u00fcr aber t\u00e4glich. Zum Einsatz kommen regul\u00e4r Maschinen des Typs Airbus A320.\" \/>\n<meta name=\"robots\" content=\"index, follow, max-snippet:-1, max-image-preview:large, max-video-preview:-1\" \/>\n<link rel=\"canonical\" href=\"https:\/\/www.eddh-airport.de\/eddhairport\/aegean-airlines-a3-aee\/\" \/>\n<meta property=\"og:locale\" content=\"de_DE\" \/>\n<meta property=\"og:type\" content=\"article\" \/>\n<meta property=\"og:title\" content=\"Aegean Airlines (A3\/AEE) - eddh-airport\" \/>\n<meta property=\"og:description\" content=\"Aegean Airlines Die griechische Aegean Airlines fliegt seit Ende Mai 2014 nach Hamburg. Anfangs ging es von Athen und Heraklion nach Hamburg. Heute befindet sich nur noch Athen im Flugplan, daf\u00fcr aber t\u00e4glich. Zum Einsatz kommen regul\u00e4r Maschinen des Typs Airbus A320.\" \/>\n<meta property=\"og:url\" content=\"https:\/\/www.eddh-airport.de\/eddhairport\/aegean-airlines-a3-aee\/\" \/>\n<meta property=\"og:site_name\" content=\"eddh-airport\" \/>\n<meta property=\"article:publisher\" content=\"https:\/\/www.facebook.com\/eddhairport\/\" \/>\n<meta property=\"article:modified_time\" content=\"2018-05-06T05:54:13+00:00\" \/>\n<meta property=\"og:image\" content=\"https:\/\/www.eddh-airport.de\/eddhairport\/wp-content\/uploads\/2018\/05\/Aegean.jpg\" \/>\n\t<meta property=\"og:image:width\" content=\"1600\" \/>\n\t<meta property=\"og:image:height\" content=\"1067\" \/>\n\t<meta property=\"og:image:type\" content=\"image\/jpeg\" \/>\n<meta name=\"twitter:card\" content=\"summary_large_image\" \/>\n<meta name=\"twitter:site\" content=\"@EDDH_airport_de\" \/>\n<script type=\"application\/ld+json\" class=\"yoast-schema-graph\">{\"@context\":\"https:\/\/schema.org\",\"@graph\":[{\"@type\":\"WebPage\",\"@id\":\"https:\/\/www.eddh-airport.de\/eddhairport\/aegean-airlines-a3-aee\/\",\"url\":\"https:\/\/www.eddh-airport.de\/eddhairport\/aegean-airlines-a3-aee\/\",\"name\":\"Aegean Airlines (A3\/AEE) - eddh-airport\",\"isPartOf\":{\"@id\":\"https:\/\/www.eddh-airport.de\/eddhairport\/#website\"},\"primaryImageOfPage\":{\"@id\":\"https:\/\/www.eddh-airport.de\/eddhairport\/aegean-airlines-a3-aee\/#primaryimage\"},\"image\":{\"@id\":\"https:\/\/www.eddh-airport.de\/eddhairport\/aegean-airlines-a3-aee\/#primaryimage\"},\"thumbnailUrl\":\"https:\/\/www.eddh-airport.de\/eddhairport\/wp-content\/uploads\/2018\/05\/Aegean.jpg\",\"datePublished\":\"2018-05-01T10:36:10+00:00\",\"dateModified\":\"2018-05-06T05:54:13+00:00\",\"description\":\"Aegean Airlines Die griechische Aegean Airlines fliegt seit Ende Mai 2014 nach Hamburg. Anfangs ging es von Athen und Heraklion nach Hamburg. Heute befindet sich nur noch Athen im Flugplan, daf\u00fcr aber t\u00e4glich. Zum Einsatz kommen regul\u00e4r Maschinen des Typs Airbus A320.\",\"breadcrumb\":{\"@id\":\"https:\/\/www.eddh-airport.de\/eddhairport\/aegean-airlines-a3-aee\/#breadcrumb\"},\"inLanguage\":\"de\",\"potentialAction\":[{\"@type\":\"ReadAction\",\"target\":[\"https:\/\/www.eddh-airport.de\/eddhairport\/aegean-airlines-a3-aee\/\"]}]},{\"@type\":\"ImageObject\",\"inLanguage\":\"de\",\"@id\":\"https:\/\/www.eddh-airport.de\/eddhairport\/aegean-airlines-a3-aee\/#primaryimage\",\"url\":\"https:\/\/www.eddh-airport.de\/eddhairport\/wp-content\/uploads\/2018\/05\/Aegean.jpg\",\"contentUrl\":\"https:\/\/www.eddh-airport.de\/eddhairport\/wp-content\/uploads\/2018\/05\/Aegean.jpg\",\"width\":1600,\"height\":1067,\"caption\":\"Foto: Timo Soyke\"},{\"@type\":\"BreadcrumbList\",\"@id\":\"https:\/\/www.eddh-airport.de\/eddhairport\/aegean-airlines-a3-aee\/#breadcrumb\",\"itemListElement\":[{\"@type\":\"ListItem\",\"position\":1,\"name\":\"Startseite\",\"item\":\"https:\/\/www.eddh-airport.de\/eddhairport\/\"},{\"@type\":\"ListItem\",\"position\":2,\"name\":\"Aegean Airlines (A3\/AEE)\"}]},{\"@type\":\"WebSite\",\"@id\":\"https:\/\/www.eddh-airport.de\/eddhairport\/#website\",\"url\":\"https:\/\/www.eddh-airport.de\/eddhairport\/\",\"name\":\"eddh-airport\",\"description\":\"Luftfahrtnews und Planespotting aus Hamburg\",\"publisher\":{\"@id\":\"https:\/\/www.eddh-airport.de\/eddhairport\/#organization\"},\"potentialAction\":[{\"@type\":\"SearchAction\",\"target\":{\"@type\":\"EntryPoint\",\"urlTemplate\":\"https:\/\/www.eddh-airport.de\/eddhairport\/?s={search_term_string}\"},\"query-input\":{\"@type\":\"PropertyValueSpecification\",\"valueRequired\":true,\"valueName\":\"search_term_string\"}}],\"inLanguage\":\"de\"},{\"@type\":\"Organization\",\"@id\":\"https:\/\/www.eddh-airport.de\/eddhairport\/#organization\",\"name\":\"eddh-airport\",\"url\":\"https:\/\/www.eddh-airport.de\/eddhairport\/\",\"logo\":{\"@type\":\"ImageObject\",\"inLanguage\":\"de\",\"@id\":\"https:\/\/www.eddh-airport.de\/eddhairport\/#\/schema\/logo\/image\/\",\"url\":\"https:\/\/www.eddh-airport.de\/eddhairport\/wp-content\/uploads\/2018\/10\/cropped-Neues-Logo-blau-eine-Ebene-2.jpg\",\"contentUrl\":\"https:\/\/www.eddh-airport.de\/eddhairport\/wp-content\/uploads\/2018\/10\/cropped-Neues-Logo-blau-eine-Ebene-2.jpg\",\"width\":512,\"height\":512,\"caption\":\"eddh-airport\"},\"image\":{\"@id\":\"https:\/\/www.eddh-airport.de\/eddhairport\/#\/schema\/logo\/image\/\"},\"sameAs\":[\"https:\/\/www.facebook.com\/eddhairport\/\",\"https:\/\/x.com\/EDDH_airport_de\",\"https:\/\/www.instagram.com\/eddhairport\/?hl=de\"]}]}<\/script>\n<!-- \/ Yoast SEO plugin. -->","yoast_head_json":{"title":"Aegean Airlines (A3\/AEE) - eddh-airport","description":"Aegean Airlines Die griechische Aegean Airlines fliegt seit Ende Mai 2014 nach Hamburg. Anfangs ging es von Athen und Heraklion nach Hamburg. Heute befindet sich nur noch Athen im Flugplan, daf\u00fcr aber t\u00e4glich. Zum Einsatz kommen regul\u00e4r Maschinen des Typs Airbus A320.","robots":{"index":"index","follow":"follow","max-snippet":"max-snippet:-1","max-image-preview":"max-image-preview:large","max-video-preview":"max-video-preview:-1"},"canonical":"https:\/\/www.eddh-airport.de\/eddhairport\/aegean-airlines-a3-aee\/","og_locale":"de_DE","og_type":"article","og_title":"Aegean Airlines (A3\/AEE) - eddh-airport","og_description":"Aegean Airlines Die griechische Aegean Airlines fliegt seit Ende Mai 2014 nach Hamburg. Anfangs ging es von Athen und Heraklion nach Hamburg. Heute befindet sich nur noch Athen im Flugplan, daf\u00fcr aber t\u00e4glich. Zum Einsatz kommen regul\u00e4r Maschinen des Typs Airbus A320.","og_url":"https:\/\/www.eddh-airport.de\/eddhairport\/aegean-airlines-a3-aee\/","og_site_name":"eddh-airport","article_publisher":"https:\/\/www.facebook.com\/eddhairport\/","article_modified_time":"2018-05-06T05:54:13+00:00","og_image":[{"width":1600,"height":1067,"url":"https:\/\/www.eddh-airport.de\/eddhairport\/wp-content\/uploads\/2018\/05\/Aegean.jpg","type":"image\/jpeg"}],"twitter_card":"summary_large_image","twitter_site":"@EDDH_airport_de","schema":{"@context":"https:\/\/schema.org","@graph":[{"@type":"WebPage","@id":"https:\/\/www.eddh-airport.de\/eddhairport\/aegean-airlines-a3-aee\/","url":"https:\/\/www.eddh-airport.de\/eddhairport\/aegean-airlines-a3-aee\/","name":"Aegean Airlines (A3\/AEE) - eddh-airport","isPartOf":{"@id":"https:\/\/www.eddh-airport.de\/eddhairport\/#website"},"primaryImageOfPage":{"@id":"https:\/\/www.eddh-airport.de\/eddhairport\/aegean-airlines-a3-aee\/#primaryimage"},"image":{"@id":"https:\/\/www.eddh-airport.de\/eddhairport\/aegean-airlines-a3-aee\/#primaryimage"},"thumbnailUrl":"https:\/\/www.eddh-airport.de\/eddhairport\/wp-content\/uploads\/2018\/05\/Aegean.jpg","datePublished":"2018-05-01T10:36:10+00:00","dateModified":"2018-05-06T05:54:13+00:00","description":"Aegean Airlines Die griechische Aegean Airlines fliegt seit Ende Mai 2014 nach Hamburg. Anfangs ging es von Athen und Heraklion nach Hamburg. Heute befindet sich nur noch Athen im Flugplan, daf\u00fcr aber t\u00e4glich. Zum Einsatz kommen regul\u00e4r Maschinen des Typs Airbus A320.","breadcrumb":{"@id":"https:\/\/www.eddh-airport.de\/eddhairport\/aegean-airlines-a3-aee\/#breadcrumb"},"inLanguage":"de","potentialAction":[{"@type":"ReadAction","target":["https:\/\/www.eddh-airport.de\/eddhairport\/aegean-airlines-a3-aee\/"]}]},{"@type":"ImageObject","inLanguage":"de","@id":"https:\/\/www.eddh-airport.de\/eddhairport\/aegean-airlines-a3-aee\/#primaryimage","url":"https:\/\/www.eddh-airport.de\/eddhairport\/wp-content\/uploads\/2018\/05\/Aegean.jpg","contentUrl":"https:\/\/www.eddh-airport.de\/eddhairport\/wp-content\/uploads\/2018\/05\/Aegean.jpg","width":1600,"height":1067,"caption":"Foto: Timo Soyke"},{"@type":"BreadcrumbList","@id":"https:\/\/www.eddh-airport.de\/eddhairport\/aegean-airlines-a3-aee\/#breadcrumb","itemListElement":[{"@type":"ListItem","position":1,"name":"Startseite","item":"https:\/\/www.eddh-airport.de\/eddhairport\/"},{"@type":"ListItem","position":2,"name":"Aegean Airlines (A3\/AEE)"}]},{"@type":"WebSite","@id":"https:\/\/www.eddh-airport.de\/eddhairport\/#website","url":"https:\/\/www.eddh-airport.de\/eddhairport\/","name":"eddh-airport","description":"Luftfahrtnews und Planespotting aus Hamburg","publisher":{"@id":"https:\/\/www.eddh-airport.de\/eddhairport\/#organization"},"potentialAction":[{"@type":"SearchAction","target":{"@type":"EntryPoint","urlTemplate":"https:\/\/www.eddh-airport.de\/eddhairport\/?s={search_term_string}"},"query-input":{"@type":"PropertyValueSpecification","valueRequired":true,"valueName":"search_term_string"}}],"inLanguage":"de"},{"@type":"Organization","@id":"https:\/\/www.eddh-airport.de\/eddhairport\/#organization","name":"eddh-airport","url":"https:\/\/www.eddh-airport.de\/eddhairport\/","logo":{"@type":"ImageObject","inLanguage":"de","@id":"https:\/\/www.eddh-airport.de\/eddhairport\/#\/schema\/logo\/image\/","url":"https:\/\/www.eddh-airport.de\/eddhairport\/wp-content\/uploads\/2018\/10\/cropped-Neues-Logo-blau-eine-Ebene-2.jpg","contentUrl":"https:\/\/www.eddh-airport.de\/eddhairport\/wp-content\/uploads\/2018\/10\/cropped-Neues-Logo-blau-eine-Ebene-2.jpg","width":512,"height":512,"caption":"eddh-airport"},"image":{"@id":"https:\/\/www.eddh-airport.de\/eddhairport\/#\/schema\/logo\/image\/"},"sameAs":["https:\/\/www.facebook.com\/eddhairport\/","https:\/\/x.com\/EDDH_airport_de","https:\/\/www.instagram.com\/eddhairport\/?hl=de"]}]}},"_links":{"self":[{"href":"https:\/\/www.eddh-airport.de\/eddhairport\/wp-json\/wp\/v2\/pages\/77","targetHints":{"allow":["GET"]}}],"collection":[{"href":"https:\/\/www.eddh-airport.de\/eddhairport\/wp-json\/wp\/v2\/pages"}],"about":[{"href":"https:\/\/www.eddh-airport.de\/eddhairport\/wp-json\/wp\/v2\/types\/page"}],"author":[{"embeddable":true,"href":"https:\/\/www.eddh-airport.de\/eddhairport\/wp-json\/wp\/v2\/users\/1"}],"replies":[{"embeddable":true,"href":"https:\/\/www.eddh-airport.de\/eddhairport\/wp-json\/wp\/v2\/comments?post=77"}],"version-history":[{"count":3,"href":"https:\/\/www.eddh-airport.de\/eddhairport\/wp-json\/wp\/v2\/pages\/77\/revisions"}],"predecessor-version":[{"id":138,"href":"https:\/\/www.eddh-airport.de\/eddhairport\/wp-json\/wp\/v2\/pages\/77\/revisions\/138"}],"wp:featuredmedia":[{"embeddable":true,"href":"https:\/\/www.eddh-airport.de\/eddhairport\/wp-json\/wp\/v2\/media\/78"}],"wp:attachment":[{"href":"https:\/\/www.eddh-airport.de\/eddhairport\/wp-json\/wp\/v2\/media?parent=77"}],"curies":[{"name":"wp","href":"https:\/\/api.w.org\/{rel}","templated":true}]}}