{"id":270,"date":"2018-05-22T20:33:35","date_gmt":"2018-05-22T18:33:35","guid":{"rendered":"https:\/\/www.eddh-airport.de\/eddhairport\/?page_id=270"},"modified":"2026-02-04T12:53:39","modified_gmt":"2026-02-04T11:53:39","slug":"niclas-rebbelmund","status":"publish","type":"page","link":"https:\/\/www.eddh-airport.de\/eddhairport\/niclas-rebbelmund\/","title":{"rendered":"Niclas Rebbelmund"},"content":{"rendered":"<h6>Niclas Rebbelmund &#8211; Autor<\/h6>\n<p>Niclas Rebbelmund ist 34 Jahre alt und Autor auf dieser Seite.<\/p>\n<p>Im Hamburger Nordosten aufgewachsen begann sein Interesse f\u00fcr die Luftfahrt allerdings im tiefen Ruhrgebiet, als ihn sein Gro\u00dfvater im Kindesalter h\u00e4ufiger mit zum Verkehrslandeplatz Schwarze Heide in der Kirchheller Heide mitnahm. H\u00e4ufig standen dort zwei Antonov An-2, die zu Rundfl\u00fcgen \u00fcber das Ruhrgebiet einluden. Diese historischen Doppeldecker waren der Grundstein zum Beginn einer Leidenschaft.<\/p>\n<p>Die zus\u00e4tzliche Leidenschaft zur Fotografie von Landschaft und Natur verschaffte ihm Anfang 2014 eine DSLR, die er gleich ein paar Tage sp\u00e4ter eher zuf\u00e4llig am Airport bei der Landung einer A380 und einer AN-124 ausprobierte.<\/p>\n<p>Seit diesem Tage widmet Niclas sich ausgiebig der Fotografie von Flugzeugen.<br \/>\nNeben der Luftfahrtfotografie ist Niclas auch in der Natur\/Landschafts-, Drohnen- und Tierfotografie t\u00e4tig.<\/p>\n<p>Hier gehts zu seiner Webseite: <a href=\"https:\/\/www.niclas-rebbelmund.de\/\">www.niclas-rebbelmund.de<\/a><\/p>\n<p>&nbsp;<\/p>\n<p><!--more--><\/p>\n<p>aeroTELEGRAPH: Zweite Global 6000 f\u00fcr die Bundeswehr in Deutschland angekommen &#8211; <a href=\"https:\/\/www.aerotelegraph.com\/verteidigung\/zweite-global-6000-fuer-die-bundeswehr-in-deutschland-angekommen\/egphvzt\">Zum Onlineartikel<\/a><\/p>\n<p>aeroTELEGRAPH: Erstmals erh\u00e4lt ein Airbus A330 Neo eine VIP-Kabine &#8211; <a href=\"https:\/\/www.aerotelegraph.com\/flugzeuge\/airbus-a330-neo-erhaelt-bei-lufthansa-technik-erstmals-eine-luxus-kabine\/try4w9e\">Zum Onlineartikel<\/a><\/p>\n<p>Safe Fly Aviation: Cairo Welcomes Egypt\u2019s Long-Awaited Boeing 747-8: The VIP Jumbo Returns After Years in Storage &#8211; <a href=\"https:\/\/safefly.aero\/blog-egypt-747-8-vip-arrives-cairo\/\">Zum Onlineartikel<\/a><\/p>\n<p>Aero News Global: Egypt\u2019s new \u2018Air Force One\u2019 Boeing 747-8 arrives in Cairo after years in storage &#8211; <a href=\"https:\/\/aerospaceglobalnews.com\/news\/egypt-boeing-747-8-air-force-one-delivery\/\">Zum Onlineartikel<\/a><\/p>\n<p>The Aviationist (Air Concierge, Airtravelplanner, BigAviation, InfraLOG): Germany\u2019s First PEGASUS SIGINT Aircraft Returns to Hamburg to Continue Conversion &#8211; <a href=\"https:\/\/theaviationist.com\/2025\/12\/07\/germanys-first-pegasus-hamburg\/\">Zu den Onlineartikeln<\/a><\/p>\n<p>aeroTELEGRAPH: Weltweit dritte Fluggesellschaft fliegt jetzt mit Airbus A319 Neo &#8211; <a href=\"https:\/\/www.aerotelegraph.com\/weltweit-dritte-fluggesellschaft-fliegt-jetzt-mit-airbus-a319-neo\">Zum Onlineartikel<\/a><\/p>\n<p>AERO International: Printausgabe 11\/2024 &#8211; Seite 34<\/p>\n<p>NDR: Hamburg Journal &#8211; Sendung vom 29.10.2024 &#8211; <a href=\"https:\/\/www.ndr.de\/fernsehen\/sendungen\/hamburg_journal\/Hamburg-Journal,sendung1484820.html\">Zur Mediathek<\/a><\/p>\n<p>AERO International: Hamburg Spezial &#8211; Printausgabe 08\/2024 &#8211; Seite 40 &amp; 43<\/p>\n<p>Die Rheinpfalz: Fliegende Werbung f\u00fcr die Pfalz &#8211; Printausgabe 07.05.2024<\/p>\n<p>aeroTELEGRAPH: Eurowings feiert die Steiermark mit Airbus A319 &#8211; <a href=\"https:\/\/www.aerotelegraph.com\/eurowings-feiert-die-steiermark-mit-airbus-a319\">Zum Onlineartikel<\/a><\/p>\n<p>aeroTELEGRAPH: Das Ende der Boeing 767 bei Condor &#8211; <a href=\"https:\/\/www.aerotelegraph.com\/heute-landet-der-letzte-boeing-767-flug-von-condor\">Zum Onlineartikel<\/a><\/p>\n<p>aeroTELEGRAPH: Die sch\u00f6nsten Bilder der Boeing 767 bei Condor &#8211; <a href=\"https:\/\/www.aerotelegraph.com\/die-schoensten-bilder-der-boeing-767-bei-condor\">Zum Onlineartikel<\/a><\/p>\n<p>digitalPhoto: Praxis Planespotting &#8211; Printausgabe 04\/2024 &#8211; Seite 64-69<\/p>\n<p>aeroTELEGRAPH: Tuifly fliegt nicht mehr f\u00fcr Eurowings &#8211; <a href=\"https:\/\/www.aerotelegraph.com\/tuifly-fliegt-nicht-mehr-fuer-eurowings\">Zum Onlineartikel<\/a><\/p>\n<p>Dagbladet (Norwegen): Jobbet for emiren av Qatar &#8211; <a href=\"https:\/\/www.dagbladet.no\/sport\/jobbet-for-emiren-av-qatar\/79703952\">Zum Onlineartikel<\/a><\/p>\n<p>Planemania &#8211; Livestream HAM am 20.03.2023 &#8211; <a href=\"https:\/\/www.youtube.com\/watch?v=dZNReNXe3r0\">Zum Video<\/a><\/p>\n<p>BILD: Das kann der neue Kanzler-Jet &#8211; Printausgabe 30.01.2023 &#8211; Seite 2<\/p>\n<p>Aviation Photographer of the Year 2022 (Apoty) &#8211; 2. Platz &#8211; <a href=\"https:\/\/apoty.de\/die-siegerbilder-2021\/\">Zum Wettbewerb<\/a><br \/>\nFLUGREVUE: Die besten Flugzeugfotos des Jahres 2022 &#8211; <a href=\"https:\/\/www.flugrevue.de\/zivil\/aviation-photographer-of-the-year-die-siegerfotos-stehen-fest-die-besten-flugzeugfotos-2022\/#\">Zum Onlineartikel<\/a><br \/>\nAeroBuzz: Luftfahrt-Fotograf des Jahres 2022 ausgezeichnet &#8211; <a href=\"https:\/\/aerobuzz.de\/aero-kultur\/luftfahrt-fotograf-des-jahres-2022-ausgezeichnet\/\">Zum Onlineartikel<\/a><\/p>\n<p>FLUGREVUE: Schnell noch mitmachen: Wer hat das beste Flugzeugfoto? &#8211; <a href=\"https:\/\/www.flugrevue.de\/zivil\/bewerbungsfrist-verlaengert-aviation-photographer-of-the-year-2022-gesucht-wird-das-beste-luftfahrtfoto\/\">Zum Onlineartikel<\/a><\/p>\n<p>aeroTELEGRAPH: \u00c4gypten streitet \u00fcber Boeing 747, die Lufthansa nicht wollte &#8211; <a href=\"https:\/\/www.aerotelegraph.com\/aegypten-streitet-um-boeing-747-die-lufthansa-nicht-wollte\">Zum Onlineartikel<\/a><\/p>\n<p>aeroTELEGRAPH: Saudischer VIP-A340 kann sich nicht von Hamburg l\u00f6sen &#8211; <a href=\"https:\/\/www.aerotelegraph.com\/saudischer-vip-airbus-a340-kann-sich-nicht-von-hamburg-loesen\">Zum Onlineartikel<\/a><\/p>\n<p>aeroTELEGRAPH: So sieht der Airbus-A340-Oldie im neuen Kleid aus &#8211; <a href=\"https:\/\/www.aerotelegraph.com\/so-sieht-der-airbus-a340-oldie-im-neuen-kleid-aus\">Zum Onlineartikel<\/a><\/p>\n<p>aeroTELEGRAPH: Uralt-Airbus-A340 hebt wieder ab &#8211; <a href=\"https:\/\/www.aerotelegraph.com\/uralt-airbus-a340-hebt-wieder-ab-hz-124-hamburg\">Zum Onlineartikel<\/a><\/p>\n<p>Aviation Photographer of the Year 2021 (Apoty) &#8211; 2. Platz &#8211; <a href=\"https:\/\/apoty.de\/die-siegerbilder-2021\/\">Zum Wettbewerb<\/a><br \/>\nFLUGREVUE: Fotowettbewerb &#8220;Aviation Photographer of the Year&#8221; &#8211; <a href=\"https:\/\/www.flugrevue.de\/zivil\/gesucht-und-gefunden-wettbewerb-aviation-photographer-of-the-year\/\">Zum Onlineartikel<\/a><\/p>\n<p>Hamburg Airport: Mit Emirates zur Expo 2020 in Dubai &#8211; <a href=\"https:\/\/www.hamburg-airport.de\/de\/orientieren-erleben\/endlichraus\">Zum Onlineartikel<\/a><\/p>\n<p>Planespotting am Hamburger Flughafen: NDRinfo Podcast &#8220;Moin! Die Reportage&#8221; &#8211; <a href=\"https:\/\/www.ndr.de\/nachrichten\/info\/Planespotting-am-Hamburger-Flughafen,audio858028.html\">Zum Podcast<\/a><\/p>\n<p>Hamburg Airport Video: Adventskalender 2020 &#8211; <a href=\"https:\/\/fb.watch\/2oj6-aVWXe\/\" target=\"_blank\" rel=\"noopener noreferrer\">Zum Video<\/a><\/p>\n<p>aeroTELEGRAPH: Lukaschenko-Jet bringt Lufthansa Technik \u00c4rger ein &#8211; <a href=\"https:\/\/www.aerotelegraph.com\/lukaschenko-jet-bringt-lufthansa-technik-aerger-ein\">Zum Onlineartikel<\/a><\/p>\n<p>Hamburger Abendblatt: Flughafen &#8211; \u00dcbte Thailands K\u00f6nig Landeman\u00f6ver in Hamburg? &#8211; <a href=\"https:\/\/www.abendblatt.de\/hamburg\/article230675064\/Flughafen-Thailand-Koenig-Landemanoever-Hamburg-Linke-Senat-Touch-and-go-Umwelt-Laerm.html\">Zum Onlineartikel<\/a><\/p>\n<p>Hamburger Abendblatt: Der erste Kranich im neuen Lufthansa-Design &#8211; <a href=\"https:\/\/www.abendblatt.de\/hamburg\/article213315901\/Die-ersten-Kraniche-fliegen-mit-neuem-Logo.html\" target=\"_blank\" rel=\"noopener noreferrer\">Zur Onlineartikel<\/a><\/p>\n<p>Hamburg Airport Video: Countdown zum A380 &#8211; <a href=\"https:\/\/youtu.be\/lwlimlfMcJo\" target=\"_blank\" rel=\"noopener noreferrer\">Zum Video<\/a><\/p>\n<p>Instagram Channel &#8211; <a href=\"https:\/\/www.instagram.com\/niclashco\/\" target=\"_blank\" rel=\"noopener noreferrer\">Hier gehts zur Seite<\/a><\/p>\n<p>Facebook Seite &#8211; <a href=\"https:\/\/www.facebook.com\/njpr.photography\">Hier gehts zur Seite<\/a><\/p>\n<p>&nbsp;<\/p>\n","protected":false},"excerpt":{"rendered":"<p>Niclas Rebbelmund &#8211; Autor Niclas Rebbelmund ist 34 Jahre alt und Autor auf dieser Seite. Im Hamburger Nordosten aufgewachsen begann sein Interesse f\u00fcr die Luftfahrt allerdings im tiefen Ruhrgebiet, als ihn sein Gro\u00dfvater im Kindesalter h\u00e4ufiger mit zum Verkehrslandeplatz Schwarze Heide in der Kirchheller Heide mitnahm. H\u00e4ufig standen dort zwei Antonov An-2, die zu Rundfl\u00fcgen [&hellip;]<\/p>\n","protected":false},"author":1,"featured_media":491,"parent":0,"menu_order":0,"comment_status":"closed","ping_status":"closed","template":"","meta":{"_monsterinsights_skip_tracking":false,"_monsterinsights_sitenote_active":false,"_monsterinsights_sitenote_note":"","_monsterinsights_sitenote_category":0,"site-sidebar-layout":"default","site-content-layout":"default","ast-site-content-layout":"default","site-content-style":"default","site-sidebar-style":"default","ast-global-header-display":"","ast-banner-title-visibility":"","ast-main-header-display":"","ast-hfb-above-header-display":"","ast-hfb-below-header-display":"","ast-hfb-mobile-header-display":"","site-post-title":"","ast-breadcrumbs-content":"","ast-featured-img":"","footer-sml-layout":"","ast-disable-related-posts":"","theme-transparent-header-meta":"default","adv-header-id-meta":"","stick-header-meta":"","header-above-stick-meta":"","header-main-stick-meta":"","header-below-stick-meta":"","astra-migrate-meta-layouts":"set","ast-page-background-enabled":"default","ast-page-background-meta":{"desktop":{"background-color":"","background-image":"","background-repeat":"repeat","background-position":"center center","background-size":"auto","background-attachment":"scroll","background-type":"","background-media":"","overlay-type":"","overlay-color":"","overlay-opacity":"","overlay-gradient":""},"tablet":{"background-color":"","background-image":"","background-repeat":"repeat","background-position":"center center","background-size":"auto","background-attachment":"scroll","background-type":"","background-media":"","overlay-type":"","overlay-color":"","overlay-opacity":"","overlay-gradient":""},"mobile":{"background-color":"","background-image":"","background-repeat":"repeat","background-position":"center center","background-size":"auto","background-attachment":"scroll","background-type":"","background-media":"","overlay-type":"","overlay-color":"","overlay-opacity":"","overlay-gradient":""}},"ast-content-background-meta":{"desktop":{"background-color":"var(--ast-global-color-5)","background-image":"","background-repeat":"repeat","background-position":"center center","background-size":"auto","background-attachment":"scroll","background-type":"","background-media":"","overlay-type":"","overlay-color":"","overlay-opacity":"","overlay-gradient":""},"tablet":{"background-color":"var(--ast-global-color-5)","background-image":"","background-repeat":"repeat","background-position":"center center","background-size":"auto","background-attachment":"scroll","background-type":"","background-media":"","overlay-type":"","overlay-color":"","overlay-opacity":"","overlay-gradient":""},"mobile":{"background-color":"var(--ast-global-color-5)","background-image":"","background-repeat":"repeat","background-position":"center center","background-size":"auto","background-attachment":"scroll","background-type":"","background-media":"","overlay-type":"","overlay-color":"","overlay-opacity":"","overlay-gradient":""}},"footnotes":""},"class_list":["post-270","page","type-page","status-publish","has-post-thumbnail","hentry"],"yoast_head":"<!-- This site is optimized with the Yoast SEO plugin v27.4 - https:\/\/yoast.com\/product\/yoast-seo-wordpress\/ -->\n<title>Niclas Rebbelmund - eddh-airport<\/title>\n<meta name=\"robots\" content=\"index, follow, max-snippet:-1, max-image-preview:large, max-video-preview:-1\" \/>\n<link rel=\"canonical\" href=\"https:\/\/www.eddh-airport.de\/eddhairport\/niclas-rebbelmund\/\" \/>\n<meta property=\"og:locale\" content=\"de_DE\" \/>\n<meta property=\"og:type\" content=\"article\" \/>\n<meta property=\"og:title\" content=\"Niclas Rebbelmund - eddh-airport\" \/>\n<meta property=\"og:description\" content=\"Niclas Rebbelmund &#8211; Autor Niclas Rebbelmund ist 34 Jahre alt und Autor auf dieser Seite. Im Hamburger Nordosten aufgewachsen begann sein Interesse f\u00fcr die Luftfahrt allerdings im tiefen Ruhrgebiet, als ihn sein Gro\u00dfvater im Kindesalter h\u00e4ufiger mit zum Verkehrslandeplatz Schwarze Heide in der Kirchheller Heide mitnahm. H\u00e4ufig standen dort zwei Antonov An-2, die zu Rundfl\u00fcgen [&hellip;]\" \/>\n<meta property=\"og:url\" content=\"https:\/\/www.eddh-airport.de\/eddhairport\/niclas-rebbelmund\/\" \/>\n<meta property=\"og:site_name\" content=\"eddh-airport\" \/>\n<meta property=\"article:publisher\" content=\"https:\/\/www.facebook.com\/eddhairport\/\" \/>\n<meta property=\"article:modified_time\" content=\"2026-02-04T11:53:39+00:00\" \/>\n<meta property=\"og:image\" content=\"https:\/\/www.eddh-airport.de\/eddhairport\/wp-content\/uploads\/2018\/07\/DSC_0047_Kopie-2.jpg\" \/>\n\t<meta property=\"og:image:width\" content=\"5378\" \/>\n\t<meta property=\"og:image:height\" content=\"996\" \/>\n\t<meta property=\"og:image:type\" content=\"image\/jpeg\" \/>\n<meta name=\"twitter:card\" content=\"summary_large_image\" \/>\n<meta name=\"twitter:site\" content=\"@EDDH_airport_de\" \/>\n<meta name=\"twitter:label1\" content=\"Gesch\u00e4tzte Lesezeit\" \/>\n\t<meta name=\"twitter:data1\" content=\"4\u00a0Minuten\" \/>\n<script type=\"application\/ld+json\" class=\"yoast-schema-graph\">{\"@context\":\"https:\\\/\\\/schema.org\",\"@graph\":[{\"@type\":\"WebPage\",\"@id\":\"https:\\\/\\\/www.eddh-airport.de\\\/eddhairport\\\/niclas-rebbelmund\\\/\",\"url\":\"https:\\\/\\\/www.eddh-airport.de\\\/eddhairport\\\/niclas-rebbelmund\\\/\",\"name\":\"Niclas Rebbelmund - eddh-airport\",\"isPartOf\":{\"@id\":\"https:\\\/\\\/www.eddh-airport.de\\\/eddhairport\\\/#website\"},\"primaryImageOfPage\":{\"@id\":\"https:\\\/\\\/www.eddh-airport.de\\\/eddhairport\\\/niclas-rebbelmund\\\/#primaryimage\"},\"image\":{\"@id\":\"https:\\\/\\\/www.eddh-airport.de\\\/eddhairport\\\/niclas-rebbelmund\\\/#primaryimage\"},\"thumbnailUrl\":\"https:\\\/\\\/www.eddh-airport.de\\\/eddhairport\\\/wp-content\\\/uploads\\\/2018\\\/07\\\/DSC_0047_Kopie-2.jpg\",\"datePublished\":\"2018-05-22T18:33:35+00:00\",\"dateModified\":\"2026-02-04T11:53:39+00:00\",\"breadcrumb\":{\"@id\":\"https:\\\/\\\/www.eddh-airport.de\\\/eddhairport\\\/niclas-rebbelmund\\\/#breadcrumb\"},\"inLanguage\":\"de\",\"potentialAction\":[{\"@type\":\"ReadAction\",\"target\":[\"https:\\\/\\\/www.eddh-airport.de\\\/eddhairport\\\/niclas-rebbelmund\\\/\"]}]},{\"@type\":\"ImageObject\",\"inLanguage\":\"de\",\"@id\":\"https:\\\/\\\/www.eddh-airport.de\\\/eddhairport\\\/niclas-rebbelmund\\\/#primaryimage\",\"url\":\"https:\\\/\\\/www.eddh-airport.de\\\/eddhairport\\\/wp-content\\\/uploads\\\/2018\\\/07\\\/DSC_0047_Kopie-2.jpg\",\"contentUrl\":\"https:\\\/\\\/www.eddh-airport.de\\\/eddhairport\\\/wp-content\\\/uploads\\\/2018\\\/07\\\/DSC_0047_Kopie-2.jpg\",\"width\":5378,\"height\":996},{\"@type\":\"BreadcrumbList\",\"@id\":\"https:\\\/\\\/www.eddh-airport.de\\\/eddhairport\\\/niclas-rebbelmund\\\/#breadcrumb\",\"itemListElement\":[{\"@type\":\"ListItem\",\"position\":1,\"name\":\"Startseite\",\"item\":\"https:\\\/\\\/www.eddh-airport.de\\\/eddhairport\\\/\"},{\"@type\":\"ListItem\",\"position\":2,\"name\":\"Niclas Rebbelmund\"}]},{\"@type\":\"WebSite\",\"@id\":\"https:\\\/\\\/www.eddh-airport.de\\\/eddhairport\\\/#website\",\"url\":\"https:\\\/\\\/www.eddh-airport.de\\\/eddhairport\\\/\",\"name\":\"eddh-airport\",\"description\":\"Luftfahrtnews und Planespotting aus Hamburg\",\"publisher\":{\"@id\":\"https:\\\/\\\/www.eddh-airport.de\\\/eddhairport\\\/#organization\"},\"potentialAction\":[{\"@type\":\"SearchAction\",\"target\":{\"@type\":\"EntryPoint\",\"urlTemplate\":\"https:\\\/\\\/www.eddh-airport.de\\\/eddhairport\\\/?s={search_term_string}\"},\"query-input\":{\"@type\":\"PropertyValueSpecification\",\"valueRequired\":true,\"valueName\":\"search_term_string\"}}],\"inLanguage\":\"de\"},{\"@type\":\"Organization\",\"@id\":\"https:\\\/\\\/www.eddh-airport.de\\\/eddhairport\\\/#organization\",\"name\":\"eddh-airport\",\"url\":\"https:\\\/\\\/www.eddh-airport.de\\\/eddhairport\\\/\",\"logo\":{\"@type\":\"ImageObject\",\"inLanguage\":\"de\",\"@id\":\"https:\\\/\\\/www.eddh-airport.de\\\/eddhairport\\\/#\\\/schema\\\/logo\\\/image\\\/\",\"url\":\"https:\\\/\\\/www.eddh-airport.de\\\/eddhairport\\\/wp-content\\\/uploads\\\/2018\\\/10\\\/cropped-Neues-Logo-blau-eine-Ebene-2.jpg\",\"contentUrl\":\"https:\\\/\\\/www.eddh-airport.de\\\/eddhairport\\\/wp-content\\\/uploads\\\/2018\\\/10\\\/cropped-Neues-Logo-blau-eine-Ebene-2.jpg\",\"width\":512,\"height\":512,\"caption\":\"eddh-airport\"},\"image\":{\"@id\":\"https:\\\/\\\/www.eddh-airport.de\\\/eddhairport\\\/#\\\/schema\\\/logo\\\/image\\\/\"},\"sameAs\":[\"https:\\\/\\\/www.facebook.com\\\/eddhairport\\\/\",\"https:\\\/\\\/x.com\\\/EDDH_airport_de\",\"https:\\\/\\\/www.instagram.com\\\/eddhairport\\\/?hl=de\"]}]}<\/script>\n<!-- \/ Yoast SEO plugin. -->","yoast_head_json":{"title":"Niclas Rebbelmund - eddh-airport","robots":{"index":"index","follow":"follow","max-snippet":"max-snippet:-1","max-image-preview":"max-image-preview:large","max-video-preview":"max-video-preview:-1"},"canonical":"https:\/\/www.eddh-airport.de\/eddhairport\/niclas-rebbelmund\/","og_locale":"de_DE","og_type":"article","og_title":"Niclas Rebbelmund - eddh-airport","og_description":"Niclas Rebbelmund &#8211; Autor Niclas Rebbelmund ist 34 Jahre alt und Autor auf dieser Seite. Im Hamburger Nordosten aufgewachsen begann sein Interesse f\u00fcr die Luftfahrt allerdings im tiefen Ruhrgebiet, als ihn sein Gro\u00dfvater im Kindesalter h\u00e4ufiger mit zum Verkehrslandeplatz Schwarze Heide in der Kirchheller Heide mitnahm. H\u00e4ufig standen dort zwei Antonov An-2, die zu Rundfl\u00fcgen [&hellip;]","og_url":"https:\/\/www.eddh-airport.de\/eddhairport\/niclas-rebbelmund\/","og_site_name":"eddh-airport","article_publisher":"https:\/\/www.facebook.com\/eddhairport\/","article_modified_time":"2026-02-04T11:53:39+00:00","og_image":[{"width":5378,"height":996,"url":"https:\/\/www.eddh-airport.de\/eddhairport\/wp-content\/uploads\/2018\/07\/DSC_0047_Kopie-2.jpg","type":"image\/jpeg"}],"twitter_card":"summary_large_image","twitter_site":"@EDDH_airport_de","twitter_misc":{"Gesch\u00e4tzte Lesezeit":"4\u00a0Minuten"},"schema":{"@context":"https:\/\/schema.org","@graph":[{"@type":"WebPage","@id":"https:\/\/www.eddh-airport.de\/eddhairport\/niclas-rebbelmund\/","url":"https:\/\/www.eddh-airport.de\/eddhairport\/niclas-rebbelmund\/","name":"Niclas Rebbelmund - eddh-airport","isPartOf":{"@id":"https:\/\/www.eddh-airport.de\/eddhairport\/#website"},"primaryImageOfPage":{"@id":"https:\/\/www.eddh-airport.de\/eddhairport\/niclas-rebbelmund\/#primaryimage"},"image":{"@id":"https:\/\/www.eddh-airport.de\/eddhairport\/niclas-rebbelmund\/#primaryimage"},"thumbnailUrl":"https:\/\/www.eddh-airport.de\/eddhairport\/wp-content\/uploads\/2018\/07\/DSC_0047_Kopie-2.jpg","datePublished":"2018-05-22T18:33:35+00:00","dateModified":"2026-02-04T11:53:39+00:00","breadcrumb":{"@id":"https:\/\/www.eddh-airport.de\/eddhairport\/niclas-rebbelmund\/#breadcrumb"},"inLanguage":"de","potentialAction":[{"@type":"ReadAction","target":["https:\/\/www.eddh-airport.de\/eddhairport\/niclas-rebbelmund\/"]}]},{"@type":"ImageObject","inLanguage":"de","@id":"https:\/\/www.eddh-airport.de\/eddhairport\/niclas-rebbelmund\/#primaryimage","url":"https:\/\/www.eddh-airport.de\/eddhairport\/wp-content\/uploads\/2018\/07\/DSC_0047_Kopie-2.jpg","contentUrl":"https:\/\/www.eddh-airport.de\/eddhairport\/wp-content\/uploads\/2018\/07\/DSC_0047_Kopie-2.jpg","width":5378,"height":996},{"@type":"BreadcrumbList","@id":"https:\/\/www.eddh-airport.de\/eddhairport\/niclas-rebbelmund\/#breadcrumb","itemListElement":[{"@type":"ListItem","position":1,"name":"Startseite","item":"https:\/\/www.eddh-airport.de\/eddhairport\/"},{"@type":"ListItem","position":2,"name":"Niclas Rebbelmund"}]},{"@type":"WebSite","@id":"https:\/\/www.eddh-airport.de\/eddhairport\/#website","url":"https:\/\/www.eddh-airport.de\/eddhairport\/","name":"eddh-airport","description":"Luftfahrtnews und Planespotting aus Hamburg","publisher":{"@id":"https:\/\/www.eddh-airport.de\/eddhairport\/#organization"},"potentialAction":[{"@type":"SearchAction","target":{"@type":"EntryPoint","urlTemplate":"https:\/\/www.eddh-airport.de\/eddhairport\/?s={search_term_string}"},"query-input":{"@type":"PropertyValueSpecification","valueRequired":true,"valueName":"search_term_string"}}],"inLanguage":"de"},{"@type":"Organization","@id":"https:\/\/www.eddh-airport.de\/eddhairport\/#organization","name":"eddh-airport","url":"https:\/\/www.eddh-airport.de\/eddhairport\/","logo":{"@type":"ImageObject","inLanguage":"de","@id":"https:\/\/www.eddh-airport.de\/eddhairport\/#\/schema\/logo\/image\/","url":"https:\/\/www.eddh-airport.de\/eddhairport\/wp-content\/uploads\/2018\/10\/cropped-Neues-Logo-blau-eine-Ebene-2.jpg","contentUrl":"https:\/\/www.eddh-airport.de\/eddhairport\/wp-content\/uploads\/2018\/10\/cropped-Neues-Logo-blau-eine-Ebene-2.jpg","width":512,"height":512,"caption":"eddh-airport"},"image":{"@id":"https:\/\/www.eddh-airport.de\/eddhairport\/#\/schema\/logo\/image\/"},"sameAs":["https:\/\/www.facebook.com\/eddhairport\/","https:\/\/x.com\/EDDH_airport_de","https:\/\/www.instagram.com\/eddhairport\/?hl=de"]}]}},"_links":{"self":[{"href":"https:\/\/www.eddh-airport.de\/eddhairport\/wp-json\/wp\/v2\/pages\/270","targetHints":{"allow":["GET"]}}],"collection":[{"href":"https:\/\/www.eddh-airport.de\/eddhairport\/wp-json\/wp\/v2\/pages"}],"about":[{"href":"https:\/\/www.eddh-airport.de\/eddhairport\/wp-json\/wp\/v2\/types\/page"}],"author":[{"embeddable":true,"href":"https:\/\/www.eddh-airport.de\/eddhairport\/wp-json\/wp\/v2\/users\/1"}],"replies":[{"embeddable":true,"href":"https:\/\/www.eddh-airport.de\/eddhairport\/wp-json\/wp\/v2\/comments?post=270"}],"version-history":[{"count":62,"href":"https:\/\/www.eddh-airport.de\/eddhairport\/wp-json\/wp\/v2\/pages\/270\/revisions"}],"predecessor-version":[{"id":10247,"href":"https:\/\/www.eddh-airport.de\/eddhairport\/wp-json\/wp\/v2\/pages\/270\/revisions\/10247"}],"wp:featuredmedia":[{"embeddable":true,"href":"https:\/\/www.eddh-airport.de\/eddhairport\/wp-json\/wp\/v2\/media\/491"}],"wp:attachment":[{"href":"https:\/\/www.eddh-airport.de\/eddhairport\/wp-json\/wp\/v2\/media?parent=270"}],"curies":[{"name":"wp","href":"https:\/\/api.w.org\/{rel}","templated":true}]}}