{"id":180,"date":"2018-05-12T22:04:37","date_gmt":"2018-05-12T20:04:37","guid":{"rendered":"https:\/\/www.eddh-airport.de\/eddhairport\/?page_id=180"},"modified":"2018-05-13T08:46:11","modified_gmt":"2018-05-13T06:46:11","slug":"links","status":"publish","type":"page","link":"https:\/\/www.eddh-airport.de\/eddhairport\/links\/","title":{"rendered":"Links"},"content":{"rendered":"<h6>Links und Seitenempfehlungen<\/h6>\n<p>Hier bieten wir euch Links zu Seiten, mit denen wir einen Banner- bzw. Linktausch vorgenommen haben. In erster Linie ist das f\u00fcr beide Seiten eine Win-win Situation, denn so steigern wir den Bekanntheitsgrad unserer Seiten. Dar\u00fcber hinaus finden sich hier auch Empfehlungen von uns, f\u00fcr euch.<\/p>\n<p>Wenn Du auch daran interessiert bist, Deine Seite hier zu verlinken, schreib uns \u00fcber das Kontaktformular eine Nachricht. Wir melden uns dann so schnell wie m\u00f6glich.<\/p>\n<p>Solltest Du uns bereits bei Dir verlinkt haben und m\u00f6chtest, dass wir das ebenfalls tun, lass uns bitte auch eine kurze Nachricht zukommen. Hier findest Du schon mal unseren Banner zur Verlinkung:<\/p>\n<p>&nbsp;<\/p>\n<p><a href=\"https:\/\/www.eddh-airport.de\/eddhairport\/wp-content\/uploads\/2018\/05\/Forensignatur-EDDH.jpg\"><img decoding=\"async\" class=\"alignnone size-full wp-image-182\" src=\"https:\/\/www.eddh-airport.de\/eddhairport\/wp-content\/uploads\/2018\/05\/Forensignatur-EDDH.jpg\" alt=\"\" width=\"468\" height=\"60\" srcset=\"https:\/\/www.eddh-airport.de\/eddhairport\/wp-content\/uploads\/2018\/05\/Forensignatur-EDDH.jpg 468w, https:\/\/www.eddh-airport.de\/eddhairport\/wp-content\/uploads\/2018\/05\/Forensignatur-EDDH-300x38.jpg 300w\" sizes=\"(max-width: 468px) 100vw, 468px\" \/><\/a><\/p>\n<p>&nbsp;<\/p>\n<h6>Bilderdatenbanken<\/h6>\n<p><a href=\"https:\/\/www.netairspace.com\/\" target=\"_blank\" rel=\"noopener\">netairspace.com<\/a><\/p>\n<p><a href=\"http:\/\/www.airliners.net\/\" target=\"_blank\" rel=\"noopener\">airliners.net<\/a><\/p>\n<p><a href=\"https:\/\/www.jetphotos.com\/\" target=\"_blank\" rel=\"noopener\">jetphotos.com<\/a><\/p>\n<p><a href=\"https:\/\/www.planespotters.net\/\" target=\"_blank\" rel=\"noopener\">planespotters.net<\/a><\/p>\n<h6><\/h6>\n<h6><\/h6>\n<p>&nbsp;<\/p>\n<p>&nbsp;<\/p>\n<p>&nbsp;<\/p>\n","protected":false},"excerpt":{"rendered":"<p>Links und Seitenempfehlungen Hier bieten wir euch Links zu Seiten, mit denen wir einen Banner- bzw. Linktausch vorgenommen haben. In erster Linie ist das f\u00fcr beide Seiten eine Win-win Situation, denn so steigern wir den Bekanntheitsgrad unserer Seiten. Dar\u00fcber hinaus finden sich hier auch Empfehlungen von uns, f\u00fcr euch. Wenn Du auch daran interessiert bist, [&hellip;]<\/p>\n","protected":false},"author":1,"featured_media":0,"parent":0,"menu_order":0,"comment_status":"closed","ping_status":"closed","template":"","meta":{"_monsterinsights_skip_tracking":false,"_monsterinsights_sitenote_active":false,"_monsterinsights_sitenote_note":"","_monsterinsights_sitenote_category":0,"site-sidebar-layout":"default","site-content-layout":"","ast-site-content-layout":"default","site-content-style":"default","site-sidebar-style":"default","ast-global-header-display":"","ast-banner-title-visibility":"","ast-main-header-display":"","ast-hfb-above-header-display":"","ast-hfb-below-header-display":"","ast-hfb-mobile-header-display":"","site-post-title":"","ast-breadcrumbs-content":"","ast-featured-img":"","footer-sml-layout":"","ast-disable-related-posts":"","theme-transparent-header-meta":"","adv-header-id-meta":"","stick-header-meta":"","header-above-stick-meta":"","header-main-stick-meta":"","header-below-stick-meta":"","astra-migrate-meta-layouts":"default","ast-page-background-enabled":"default","ast-page-background-meta":{"desktop":{"background-color":"","background-image":"","background-repeat":"repeat","background-position":"center center","background-size":"auto","background-attachment":"scroll","background-type":"","background-media":"","overlay-type":"","overlay-color":"","overlay-opacity":"","overlay-gradient":""},"tablet":{"background-color":"","background-image":"","background-repeat":"repeat","background-position":"center center","background-size":"auto","background-attachment":"scroll","background-type":"","background-media":"","overlay-type":"","overlay-color":"","overlay-opacity":"","overlay-gradient":""},"mobile":{"background-color":"","background-image":"","background-repeat":"repeat","background-position":"center center","background-size":"auto","background-attachment":"scroll","background-type":"","background-media":"","overlay-type":"","overlay-color":"","overlay-opacity":"","overlay-gradient":""}},"ast-content-background-meta":{"desktop":{"background-color":"var(--ast-global-color-5)","background-image":"","background-repeat":"repeat","background-position":"center center","background-size":"auto","background-attachment":"scroll","background-type":"","background-media":"","overlay-type":"","overlay-color":"","overlay-opacity":"","overlay-gradient":""},"tablet":{"background-color":"var(--ast-global-color-5)","background-image":"","background-repeat":"repeat","background-position":"center center","background-size":"auto","background-attachment":"scroll","background-type":"","background-media":"","overlay-type":"","overlay-color":"","overlay-opacity":"","overlay-gradient":""},"mobile":{"background-color":"var(--ast-global-color-5)","background-image":"","background-repeat":"repeat","background-position":"center center","background-size":"auto","background-attachment":"scroll","background-type":"","background-media":"","overlay-type":"","overlay-color":"","overlay-opacity":"","overlay-gradient":""}},"footnotes":""},"class_list":["post-180","page","type-page","status-publish","hentry"],"yoast_head":"<!-- This site is optimized with the Yoast SEO plugin v27.1.1 - https:\/\/yoast.com\/product\/yoast-seo-wordpress\/ -->\n<title>Links - eddh-airport<\/title>\n<meta name=\"description\" content=\"Au dieser Seite findet ihr eine Sammlung von Links. Mit diesen Seiten haben wir einen Banner- bzw. Linktausch vorgenommen.\" \/>\n<meta name=\"robots\" content=\"index, follow, max-snippet:-1, max-image-preview:large, max-video-preview:-1\" \/>\n<link rel=\"canonical\" href=\"https:\/\/www.eddh-airport.de\/eddhairport\/links\/\" \/>\n<meta property=\"og:locale\" content=\"de_DE\" \/>\n<meta property=\"og:type\" content=\"article\" \/>\n<meta property=\"og:title\" content=\"Links - eddh-airport\" \/>\n<meta property=\"og:description\" content=\"Au dieser Seite findet ihr eine Sammlung von Links. Mit diesen Seiten haben wir einen Banner- bzw. Linktausch vorgenommen.\" \/>\n<meta property=\"og:url\" content=\"https:\/\/www.eddh-airport.de\/eddhairport\/links\/\" \/>\n<meta property=\"og:site_name\" content=\"eddh-airport\" \/>\n<meta property=\"article:publisher\" content=\"https:\/\/www.facebook.com\/eddhairport\/\" \/>\n<meta property=\"article:modified_time\" content=\"2018-05-13T06:46:11+00:00\" \/>\n<meta property=\"og:image\" content=\"https:\/\/www.eddh-airport.de\/eddhairport\/wp-content\/uploads\/2018\/05\/Forensignatur-EDDH.jpg\" \/>\n<meta name=\"twitter:card\" content=\"summary_large_image\" \/>\n<meta name=\"twitter:site\" content=\"@EDDH_airport_de\" \/>\n<meta name=\"twitter:label1\" content=\"Gesch\u00e4tzte Lesezeit\" \/>\n\t<meta name=\"twitter:data1\" content=\"1\u00a0Minute\" \/>\n<script type=\"application\/ld+json\" class=\"yoast-schema-graph\">{\"@context\":\"https:\/\/schema.org\",\"@graph\":[{\"@type\":\"WebPage\",\"@id\":\"https:\/\/www.eddh-airport.de\/eddhairport\/links\/\",\"url\":\"https:\/\/www.eddh-airport.de\/eddhairport\/links\/\",\"name\":\"Links - eddh-airport\",\"isPartOf\":{\"@id\":\"https:\/\/www.eddh-airport.de\/eddhairport\/#website\"},\"primaryImageOfPage\":{\"@id\":\"https:\/\/www.eddh-airport.de\/eddhairport\/links\/#primaryimage\"},\"image\":{\"@id\":\"https:\/\/www.eddh-airport.de\/eddhairport\/links\/#primaryimage\"},\"thumbnailUrl\":\"https:\/\/www.eddh-airport.de\/eddhairport\/wp-content\/uploads\/2018\/05\/Forensignatur-EDDH.jpg\",\"datePublished\":\"2018-05-12T20:04:37+00:00\",\"dateModified\":\"2018-05-13T06:46:11+00:00\",\"description\":\"Au dieser Seite findet ihr eine Sammlung von Links. Mit diesen Seiten haben wir einen Banner- bzw. Linktausch vorgenommen.\",\"breadcrumb\":{\"@id\":\"https:\/\/www.eddh-airport.de\/eddhairport\/links\/#breadcrumb\"},\"inLanguage\":\"de\",\"potentialAction\":[{\"@type\":\"ReadAction\",\"target\":[\"https:\/\/www.eddh-airport.de\/eddhairport\/links\/\"]}]},{\"@type\":\"ImageObject\",\"inLanguage\":\"de\",\"@id\":\"https:\/\/www.eddh-airport.de\/eddhairport\/links\/#primaryimage\",\"url\":\"https:\/\/www.eddh-airport.de\/eddhairport\/wp-content\/uploads\/2018\/05\/Forensignatur-EDDH.jpg\",\"contentUrl\":\"https:\/\/www.eddh-airport.de\/eddhairport\/wp-content\/uploads\/2018\/05\/Forensignatur-EDDH.jpg\"},{\"@type\":\"BreadcrumbList\",\"@id\":\"https:\/\/www.eddh-airport.de\/eddhairport\/links\/#breadcrumb\",\"itemListElement\":[{\"@type\":\"ListItem\",\"position\":1,\"name\":\"Startseite\",\"item\":\"https:\/\/www.eddh-airport.de\/eddhairport\/\"},{\"@type\":\"ListItem\",\"position\":2,\"name\":\"Links\"}]},{\"@type\":\"WebSite\",\"@id\":\"https:\/\/www.eddh-airport.de\/eddhairport\/#website\",\"url\":\"https:\/\/www.eddh-airport.de\/eddhairport\/\",\"name\":\"eddh-airport\",\"description\":\"Luftfahrtnews und Planespotting aus Hamburg\",\"publisher\":{\"@id\":\"https:\/\/www.eddh-airport.de\/eddhairport\/#organization\"},\"potentialAction\":[{\"@type\":\"SearchAction\",\"target\":{\"@type\":\"EntryPoint\",\"urlTemplate\":\"https:\/\/www.eddh-airport.de\/eddhairport\/?s={search_term_string}\"},\"query-input\":{\"@type\":\"PropertyValueSpecification\",\"valueRequired\":true,\"valueName\":\"search_term_string\"}}],\"inLanguage\":\"de\"},{\"@type\":\"Organization\",\"@id\":\"https:\/\/www.eddh-airport.de\/eddhairport\/#organization\",\"name\":\"eddh-airport\",\"url\":\"https:\/\/www.eddh-airport.de\/eddhairport\/\",\"logo\":{\"@type\":\"ImageObject\",\"inLanguage\":\"de\",\"@id\":\"https:\/\/www.eddh-airport.de\/eddhairport\/#\/schema\/logo\/image\/\",\"url\":\"https:\/\/www.eddh-airport.de\/eddhairport\/wp-content\/uploads\/2018\/10\/cropped-Neues-Logo-blau-eine-Ebene-2.jpg\",\"contentUrl\":\"https:\/\/www.eddh-airport.de\/eddhairport\/wp-content\/uploads\/2018\/10\/cropped-Neues-Logo-blau-eine-Ebene-2.jpg\",\"width\":512,\"height\":512,\"caption\":\"eddh-airport\"},\"image\":{\"@id\":\"https:\/\/www.eddh-airport.de\/eddhairport\/#\/schema\/logo\/image\/\"},\"sameAs\":[\"https:\/\/www.facebook.com\/eddhairport\/\",\"https:\/\/x.com\/EDDH_airport_de\",\"https:\/\/www.instagram.com\/eddhairport\/?hl=de\"]}]}<\/script>\n<!-- \/ Yoast SEO plugin. -->","yoast_head_json":{"title":"Links - eddh-airport","description":"Au dieser Seite findet ihr eine Sammlung von Links. Mit diesen Seiten haben wir einen Banner- bzw. Linktausch vorgenommen.","robots":{"index":"index","follow":"follow","max-snippet":"max-snippet:-1","max-image-preview":"max-image-preview:large","max-video-preview":"max-video-preview:-1"},"canonical":"https:\/\/www.eddh-airport.de\/eddhairport\/links\/","og_locale":"de_DE","og_type":"article","og_title":"Links - eddh-airport","og_description":"Au dieser Seite findet ihr eine Sammlung von Links. Mit diesen Seiten haben wir einen Banner- bzw. Linktausch vorgenommen.","og_url":"https:\/\/www.eddh-airport.de\/eddhairport\/links\/","og_site_name":"eddh-airport","article_publisher":"https:\/\/www.facebook.com\/eddhairport\/","article_modified_time":"2018-05-13T06:46:11+00:00","og_image":[{"url":"https:\/\/www.eddh-airport.de\/eddhairport\/wp-content\/uploads\/2018\/05\/Forensignatur-EDDH.jpg","type":"","width":"","height":""}],"twitter_card":"summary_large_image","twitter_site":"@EDDH_airport_de","twitter_misc":{"Gesch\u00e4tzte Lesezeit":"1\u00a0Minute"},"schema":{"@context":"https:\/\/schema.org","@graph":[{"@type":"WebPage","@id":"https:\/\/www.eddh-airport.de\/eddhairport\/links\/","url":"https:\/\/www.eddh-airport.de\/eddhairport\/links\/","name":"Links - eddh-airport","isPartOf":{"@id":"https:\/\/www.eddh-airport.de\/eddhairport\/#website"},"primaryImageOfPage":{"@id":"https:\/\/www.eddh-airport.de\/eddhairport\/links\/#primaryimage"},"image":{"@id":"https:\/\/www.eddh-airport.de\/eddhairport\/links\/#primaryimage"},"thumbnailUrl":"https:\/\/www.eddh-airport.de\/eddhairport\/wp-content\/uploads\/2018\/05\/Forensignatur-EDDH.jpg","datePublished":"2018-05-12T20:04:37+00:00","dateModified":"2018-05-13T06:46:11+00:00","description":"Au dieser Seite findet ihr eine Sammlung von Links. Mit diesen Seiten haben wir einen Banner- bzw. Linktausch vorgenommen.","breadcrumb":{"@id":"https:\/\/www.eddh-airport.de\/eddhairport\/links\/#breadcrumb"},"inLanguage":"de","potentialAction":[{"@type":"ReadAction","target":["https:\/\/www.eddh-airport.de\/eddhairport\/links\/"]}]},{"@type":"ImageObject","inLanguage":"de","@id":"https:\/\/www.eddh-airport.de\/eddhairport\/links\/#primaryimage","url":"https:\/\/www.eddh-airport.de\/eddhairport\/wp-content\/uploads\/2018\/05\/Forensignatur-EDDH.jpg","contentUrl":"https:\/\/www.eddh-airport.de\/eddhairport\/wp-content\/uploads\/2018\/05\/Forensignatur-EDDH.jpg"},{"@type":"BreadcrumbList","@id":"https:\/\/www.eddh-airport.de\/eddhairport\/links\/#breadcrumb","itemListElement":[{"@type":"ListItem","position":1,"name":"Startseite","item":"https:\/\/www.eddh-airport.de\/eddhairport\/"},{"@type":"ListItem","position":2,"name":"Links"}]},{"@type":"WebSite","@id":"https:\/\/www.eddh-airport.de\/eddhairport\/#website","url":"https:\/\/www.eddh-airport.de\/eddhairport\/","name":"eddh-airport","description":"Luftfahrtnews und Planespotting aus Hamburg","publisher":{"@id":"https:\/\/www.eddh-airport.de\/eddhairport\/#organization"},"potentialAction":[{"@type":"SearchAction","target":{"@type":"EntryPoint","urlTemplate":"https:\/\/www.eddh-airport.de\/eddhairport\/?s={search_term_string}"},"query-input":{"@type":"PropertyValueSpecification","valueRequired":true,"valueName":"search_term_string"}}],"inLanguage":"de"},{"@type":"Organization","@id":"https:\/\/www.eddh-airport.de\/eddhairport\/#organization","name":"eddh-airport","url":"https:\/\/www.eddh-airport.de\/eddhairport\/","logo":{"@type":"ImageObject","inLanguage":"de","@id":"https:\/\/www.eddh-airport.de\/eddhairport\/#\/schema\/logo\/image\/","url":"https:\/\/www.eddh-airport.de\/eddhairport\/wp-content\/uploads\/2018\/10\/cropped-Neues-Logo-blau-eine-Ebene-2.jpg","contentUrl":"https:\/\/www.eddh-airport.de\/eddhairport\/wp-content\/uploads\/2018\/10\/cropped-Neues-Logo-blau-eine-Ebene-2.jpg","width":512,"height":512,"caption":"eddh-airport"},"image":{"@id":"https:\/\/www.eddh-airport.de\/eddhairport\/#\/schema\/logo\/image\/"},"sameAs":["https:\/\/www.facebook.com\/eddhairport\/","https:\/\/x.com\/EDDH_airport_de","https:\/\/www.instagram.com\/eddhairport\/?hl=de"]}]}},"_links":{"self":[{"href":"https:\/\/www.eddh-airport.de\/eddhairport\/wp-json\/wp\/v2\/pages\/180","targetHints":{"allow":["GET"]}}],"collection":[{"href":"https:\/\/www.eddh-airport.de\/eddhairport\/wp-json\/wp\/v2\/pages"}],"about":[{"href":"https:\/\/www.eddh-airport.de\/eddhairport\/wp-json\/wp\/v2\/types\/page"}],"author":[{"embeddable":true,"href":"https:\/\/www.eddh-airport.de\/eddhairport\/wp-json\/wp\/v2\/users\/1"}],"replies":[{"embeddable":true,"href":"https:\/\/www.eddh-airport.de\/eddhairport\/wp-json\/wp\/v2\/comments?post=180"}],"version-history":[{"count":5,"href":"https:\/\/www.eddh-airport.de\/eddhairport\/wp-json\/wp\/v2\/pages\/180\/revisions"}],"predecessor-version":[{"id":188,"href":"https:\/\/www.eddh-airport.de\/eddhairport\/wp-json\/wp\/v2\/pages\/180\/revisions\/188"}],"wp:attachment":[{"href":"https:\/\/www.eddh-airport.de\/eddhairport\/wp-json\/wp\/v2\/media?parent=180"}],"curies":[{"name":"wp","href":"https:\/\/api.w.org\/{rel}","templated":true}]}}