{"id":1099,"date":"2019-02-04T16:47:14","date_gmt":"2019-02-04T15:47:14","guid":{"rendered":"https:\/\/www.eddh-airport.de\/eddhairport\/?page_id=1099"},"modified":"2019-02-10T13:13:44","modified_gmt":"2019-02-10T12:13:44","slug":"united-airlines-ua-ual","status":"publish","type":"page","link":"https:\/\/www.eddh-airport.de\/eddhairport\/ehemalige-airlines\/united-airlines-ua-ual\/","title":{"rendered":"United Airlines (UA\/UAL)"},"content":{"rendered":"\n<p>Ende <a href=\"tel:2004\">2004<\/a> gab Continental Airlines, der Vorg\u00e4nger von United Airlines, bekannt, ab Juni <a href=\"tel:2005\">2005<\/a> t\u00e4glich die Strecke New York\/Newark &#8211; Hamburg zu fliegen. Hamburg war eines der ersten Ziele einer Expansion nach Kontinentaleuropa mit der Boeing <a href=\"tel:757200\">757-200<\/a>, welche f\u00fcr dieses Segment recht sp\u00e4t in ihrem Lebenslauf entdeckt wurde. Nach Frankfurt war Hamburg zu der Zeit das zweite deutsche Ziel von Continental, Berlin wurde mit Start im Juli <a href=\"tel:2005\">2005<\/a> als dritte Destination bekannt gegeben.<\/p>\n\n\n\n<p>Die Route wurde, derzeit einziger Nonstop-Flug von Hamburg in die USA, direkt gut angenommen. Im ersten Jahr erreichte man bereits eine Auslastung von ca. <a href=\"tel:80\">80<\/a>%. In den Wintermonaten wurde die Strecke auf f\u00fcnf w\u00f6chentliche Fl\u00fcge reduziert.<br>\nIm Sommer <a href=\"tel:2006\">2006<\/a> k\u00fcndigte Emirates an, ab Oktober t\u00e4glich auf der Strecke Hamburg &#8211; New York fliegen zu wollen, daraufhin wurde die Strecke das erste mal &#8220;totgeredet&#8221;. Allen Unkenrufen zum Trotz entwickelte die Route sich weiterhin gut, das Wachstum wurde h\u00f6chstens ausgebremst. Am Ende war es entgegen der Erwartungen Emirates, welche die Strecke wieder einstellten (mehr dazu im Emirates-Artikel). In den Folgejahren schaffte Continental es, die Auslastung im Jahresschnitt auf um die <a href=\"tel:90\">90<\/a>% zu bringen. <\/p>\n\n\n\n<p>Auch wurde im Fr\u00fchjahr bereits eher, im Herbst l\u00e4nger t\u00e4glich geflogen und die Frequenz im Winter auf sechsmal w\u00f6chentlich erh\u00f6ht. Der Flugzeugtyp blieb nach wie vor bei der <a href=\"tel:757200\">757-200<\/a>, welche mittlerweile \u00fcbrigens neue Kabinen und Winglets erhalten hatten. In den Wintermonaten war es oft eine Herausforderung, die Strecke zu betreiben. Durch den starken Jetstream mussten Sitze blockiert werden. Trotzdem war es oft n\u00f6tig, einen au\u00dferplanm\u00e4\u00dfigen Tankstopp in St. Johns, Bangor oder anderen Orten einzulegen, weil das Maximum an Reichweite ausgereizt wurde. Newark &#8211; Hamburg geh\u00f6rte zu den l\u00e4ngsten <a href=\"tel:757\">757<\/a> Routen \u00fcberhaupt.<\/p>\n\n\n\n<p>Ende <a href=\"tel:2009\">2009<\/a> wechselte Continental von der SkyTeam Allianz in die Star Alliance. Ein zweites Mal wurde die Verbindung \u201ctotgeredet\u201d. Die berechtigte Bef\u00fcrchtung war, dass Lufthansa ihren neuen Partner die Flugg\u00e4ste lieber \u00fcber Frankfurt, M\u00fcnchen oder andere Hubs routen lassen m\u00f6chte.<br>Dies geschah jedoch nicht, der Flug bekam Lufthansa und Air Canada Codeshare Flugnummern und konnte in Folge ein paar Prozentpunkte mehr Auslastung aufweisen. Es war nun m\u00f6glich, Fl\u00fcge von Newark \u00fcber Hamburg beispielsweise nach Warschau oder Stuttgart zu buchen, was auch angenommen wurde.<\/p>\n\n\n\n<p>Im Jahr <a href=\"tel:2010\">2010<\/a> fusionierte Continental Airlines mit United Airlines, wobei der Name der zweiteren beibehalten wurde. F\u00fcr Hamburg \u00e4nderte sich nichts weiter, au\u00dfer dem Namen am und im Flugzeug.<br>Im Jahre <a href=\"tel:2015\">2015<\/a> optimierte United ihr Transatlantik-Netzwerk, viele Routen wurden eingestellt. Zus\u00e4tzlich entschied man, mit der <a href=\"tel:757\">757<\/a> aufgrund der knappen Reichweite nicht mehr nach Kontinentaleuropa zu fliegen. So wurde unter anderem die Hamburg-Route ab Oktober <a href=\"tel:2015\">2015<\/a> mit Boeing <a href=\"tel:767300\">767-300<\/a>ER (ex United) bedient, welche oft leider eine ziemlich betagte Kabine aufwiesen. Mit hoher Zuverl\u00e4ssigkeit haben diese Flugzeuge leider auch nicht gegl\u00e4nzt.<br>Im Hochsommer <a href=\"tel:2016\">2016<\/a> wurden Boeing <a href=\"tel:767400\">767-400<\/a>ER eingesetzt, bis auf einen einzelnen Einsatz Jahre zuvor die einzigen planm\u00e4\u00dfigen Eins\u00e4tze dieses Flugzeugtyps nach Hamburg. <\/p>\n\n\n\n<figure class=\"wp-block-embed-youtube wp-block-embed is-type-video is-provider-youtube wp-embed-aspect-16-9 wp-has-aspect-ratio\"><div class=\"wp-block-embed__wrapper\">\n<iframe title=\"United 767-400ER taking off from Hamburg\" width=\"500\" height=\"281\" src=\"https:\/\/www.youtube.com\/embed\/0MP1jp9YZ8w?feature=oembed\" frameborder=\"0\" allow=\"accelerometer; autoplay; clipboard-write; encrypted-media; gyroscope; picture-in-picture; web-share\" referrerpolicy=\"strict-origin-when-cross-origin\" allowfullscreen><\/iframe>\n<\/div><figcaption>United Airlines Boeing 767-400ER im Sommer 2016 in Hamburg<\/figcaption><\/figure>\n\n\n\n<p>Anfang <a href=\"tel:2017\">2017<\/a> wurde der Flug ziemlich kurzfristig auf einen saisonalen Flug umgestellt, sollte fortan nur noch von April\/Mai bis Oktober durchgef\u00fchrt werden, weiterhin mit Boeing <a href=\"tel:767300\">767-300<\/a>ER. Dass viele Gesch\u00e4ftsreisende diese Verbindung wegen der alten Kabinen und der vergleichsweise hohe Versp\u00e4tungsrate und Ausfallquote mieden wird dazu beigetragen haben, jedoch mit Sicherheit auch allianzstrategische Gr\u00fcnde.<br> In der Sommersaison <a href=\"tel:2018\">2018<\/a> kam auf der Strecke nochmal die Boeing <a href=\"tel:757\">757<\/a> zu Ehren, Grund hierf\u00fcr war eine deutlich geringere Verf\u00fcgbarkeit der <a href=\"tel:767300\">767-300<\/a>s aufgrund des Einbaus von neuen Kabinen.<\/p>\n\n\n\n<p>Bereits nach dem letzten Abflug der Saison, die Fl\u00fcge f\u00fcr <a href=\"tel:2019\">2019<\/a> waren bereits lange buchbar (mit Boeing <a href=\"tel:767\">767<\/a>), lie\u00df United kurzerhand wissen, dass man nicht nach Hamburg zur\u00fcckkehren werde. Das trotz einer Auslastung von fast <a href=\"tel:90\">90<\/a>% in <a href=\"tel:2018\">2018<\/a>. Die Gr\u00fcnde sind vielseitig: der R\u00fcckgang der Anzahl von Gesch\u00e4ftsreisenden auf der Strecke durch schlechte Erfahrungen zuvor und der saisonalit\u00e4t, dazu entsprach die Strecke nicht Uniteds Anforderungen an eine saisonale Transatlantikroute. Beispielweise ist ein <a href=\"tel:70\">70<\/a>%iger Anteil von US-Amerikanern gerne gesehen, die Hamburger Strecke kam gerade auf <a href=\"tel:50\">50<\/a>%.<\/p>\n\n\n\n<h4 class=\"wp-block-heading\"> <br>Fakten zur Strecke: <\/h4>\n\n\n\n<p>Erstflug: CO74, 09<a href=\"tel:10062005\">.06.2005<\/a>, Boeing 757-200 (N<a href=\"tel:67134\">67134<\/a>)<br>Letzter Flug: UA865, <a href=\"tel:04102018\">04.10.2018<\/a>, Boeing 757-200 (N<a href=\"tel:19141\">19141<\/a>)<\/p>\n\n\n\n<p>Transportierte Passagiere: <a href=\"tel:1139586\">1.139.586<\/a><br>Durchgef\u00fchrte Fl\u00fcge: <a href=\"tel:7979\">7.979<\/a><br>Durchschn. Passagiere\/Flug: <a href=\"tel:142\">143<\/a><br>Umsteigeranteil: <a href=\"tel:46\">46<\/a>%<br>Anteil insgesamt geflogener Passagiere zw. Hamburg und New York: <a href=\"tel:3540\">35-40<\/a>%<\/p>\n\n\n\n<h4 class=\"wp-block-heading\">Die Flotte von United Airlines (Stand Februar <a href=\"tel:2019\">2019<\/a>):<\/h4>\n\n\n\n<p> 71 Airbus A<a href=\"tel:319\">319<\/a><br> 99 Airbus A<a href=\"tel:320\">320<\/a><br> 40 Boeing <a href=\"tel:737700\">737-700<\/a><br> 141 Boeing <a href=\"tel:737800\">737-800<\/a><br> <a href=\"tel:148\">148<\/a> Boeing <a href=\"tel:737900\">737-900<\/a>ER<br> <a href=\"tel:12\">12<\/a> Boeing <a href=\"tel:737\">737<\/a>MAX9<br> <a href=\"tel:56\">56<\/a> Boeing <a href=\"tel:757200\">757-200<\/a><br> <a href=\"tel:21\">21<\/a> Boeing <a href=\"tel:757300\">757-300<\/a><br> <a href=\"tel:38\">38<\/a> Boeing <a href=\"tel:767300\">767-300<\/a>ER<br> <a href=\"tel:16\">16<\/a> Boeing <a href=\"tel:767400\">767-400<\/a>ER<br> <a href=\"tel:19\">19<\/a> Boeing <a href=\"tel:777200\">777-200<\/a><br> <a href=\"tel:55\">55<\/a> Boeing <a href=\"tel:777200\">777-200<\/a>ER<br> <a href=\"tel:18\">18<\/a> Boeing <a href=\"tel:777300\">777-300<\/a>ER<br> <a href=\"tel:12\">12<\/a> Boeing <a href=\"tel:7878\">787-8<\/a><br> <a href=\"tel:25\">25<\/a> Boeing <a href=\"tel:7879\">787-9<\/a><br> 4 Boeing <a href=\"tel:78710\">787-10<\/a><\/p>\n\n\n\n<p>Bestellt sind zudem:<\/p>\n\n\n\n<p><a href=\"tel:34\"> 34<\/a> Airbus A<a href=\"tel:319\">319<\/a><br> <a href=\"tel:45\">45<\/a> Airbus A<a href=\"tel:350900\">350-900<\/a><br> <a href=\"tel:73\">73<\/a> Boeing <a href=\"tel:737\">737<\/a>MAX9<br> <a href=\"tel:100\">100<\/a> Boeing <a href=\"tel:737\">737<\/a>MAX<a href=\"tel:10\">10<\/a><br> 4 Boeing <a href=\"tel:777300\">777-300<\/a>ER<br> <a href=\"tel:13\">13<\/a> Boeing <a href=\"tel:7879\">787-9<\/a><br> <a href=\"tel:10\">10<\/a> Boeing <a href=\"tel:78710\">787-10<\/a><\/p>\n\n\n\n<p><em>Von Levent C. Mirlay<\/em><\/p>\n","protected":false},"excerpt":{"rendered":"<p>Ende 2004 gab Continental Airlines, der Vorg\u00e4nger von United Airlines, bekannt, ab Juni 2005 t\u00e4glich die Strecke New York\/Newark &#8211; Hamburg zu fliegen. Hamburg war eines der ersten Ziele einer Expansion nach Kontinentaleuropa mit der Boeing 757-200, welche f\u00fcr dieses Segment recht sp\u00e4t in ihrem Lebenslauf entdeckt wurde. Nach Frankfurt war Hamburg zu der Zeit [&hellip;]<\/p>\n","protected":false},"author":6,"featured_media":1128,"parent":123,"menu_order":0,"comment_status":"closed","ping_status":"closed","template":"","meta":{"_monsterinsights_skip_tracking":false,"_monsterinsights_sitenote_active":false,"_monsterinsights_sitenote_note":"","_monsterinsights_sitenote_category":0,"site-sidebar-layout":"default","site-content-layout":"","ast-site-content-layout":"default","site-content-style":"default","site-sidebar-style":"default","ast-global-header-display":"","ast-banner-title-visibility":"","ast-main-header-display":"","ast-hfb-above-header-display":"","ast-hfb-below-header-display":"","ast-hfb-mobile-header-display":"","site-post-title":"","ast-breadcrumbs-content":"","ast-featured-img":"","footer-sml-layout":"","ast-disable-related-posts":"","theme-transparent-header-meta":"","adv-header-id-meta":"","stick-header-meta":"","header-above-stick-meta":"","header-main-stick-meta":"","header-below-stick-meta":"","astra-migrate-meta-layouts":"default","ast-page-background-enabled":"default","ast-page-background-meta":{"desktop":{"background-color":"","background-image":"","background-repeat":"repeat","background-position":"center center","background-size":"auto","background-attachment":"scroll","background-type":"","background-media":"","overlay-type":"","overlay-color":"","overlay-opacity":"","overlay-gradient":""},"tablet":{"background-color":"","background-image":"","background-repeat":"repeat","background-position":"center center","background-size":"auto","background-attachment":"scroll","background-type":"","background-media":"","overlay-type":"","overlay-color":"","overlay-opacity":"","overlay-gradient":""},"mobile":{"background-color":"","background-image":"","background-repeat":"repeat","background-position":"center center","background-size":"auto","background-attachment":"scroll","background-type":"","background-media":"","overlay-type":"","overlay-color":"","overlay-opacity":"","overlay-gradient":""}},"ast-content-background-meta":{"desktop":{"background-color":"var(--ast-global-color-5)","background-image":"","background-repeat":"repeat","background-position":"center center","background-size":"auto","background-attachment":"scroll","background-type":"","background-media":"","overlay-type":"","overlay-color":"","overlay-opacity":"","overlay-gradient":""},"tablet":{"background-color":"var(--ast-global-color-5)","background-image":"","background-repeat":"repeat","background-position":"center center","background-size":"auto","background-attachment":"scroll","background-type":"","background-media":"","overlay-type":"","overlay-color":"","overlay-opacity":"","overlay-gradient":""},"mobile":{"background-color":"var(--ast-global-color-5)","background-image":"","background-repeat":"repeat","background-position":"center center","background-size":"auto","background-attachment":"scroll","background-type":"","background-media":"","overlay-type":"","overlay-color":"","overlay-opacity":"","overlay-gradient":""}},"footnotes":""},"class_list":["post-1099","page","type-page","status-publish","has-post-thumbnail","hentry"],"yoast_head":"<!-- This site is optimized with the Yoast SEO plugin v27.4 - https:\/\/yoast.com\/product\/yoast-seo-wordpress\/ -->\n<title>United Airlines (UA\/UAL) - eddh-airport<\/title>\n<meta name=\"description\" content=\"Mit der Einstellung der Passagierfl\u00fcge von United Airlines zwischen Hamburg und New York, verlor Hamburg eine seiner wenigen Langstrecken.\" \/>\n<meta name=\"robots\" content=\"index, follow, max-snippet:-1, max-image-preview:large, max-video-preview:-1\" \/>\n<link rel=\"canonical\" href=\"https:\/\/www.eddh-airport.de\/eddhairport\/ehemalige-airlines\/united-airlines-ua-ual\/\" \/>\n<meta property=\"og:locale\" content=\"de_DE\" \/>\n<meta property=\"og:type\" content=\"article\" \/>\n<meta property=\"og:title\" content=\"United Airlines (UA\/UAL) - eddh-airport\" \/>\n<meta property=\"og:description\" content=\"Mit der Einstellung der Passagierfl\u00fcge von United Airlines zwischen Hamburg und New York, verlor Hamburg eine seiner wenigen Langstrecken.\" \/>\n<meta property=\"og:url\" content=\"https:\/\/www.eddh-airport.de\/eddhairport\/ehemalige-airlines\/united-airlines-ua-ual\/\" \/>\n<meta property=\"og:site_name\" content=\"eddh-airport\" \/>\n<meta property=\"article:publisher\" content=\"https:\/\/www.facebook.com\/eddhairport\/\" \/>\n<meta property=\"article:modified_time\" content=\"2019-02-10T12:13:44+00:00\" \/>\n<meta property=\"og:image\" content=\"https:\/\/www.eddh-airport.de\/eddhairport\/wp-content\/uploads\/2019\/02\/UAL.jpg\" \/>\n\t<meta property=\"og:image:width\" content=\"1340\" \/>\n\t<meta property=\"og:image:height\" content=\"250\" \/>\n\t<meta property=\"og:image:type\" content=\"image\/jpeg\" \/>\n<meta name=\"twitter:card\" content=\"summary_large_image\" \/>\n<meta name=\"twitter:site\" content=\"@EDDH_airport_de\" \/>\n<meta name=\"twitter:label1\" content=\"Gesch\u00e4tzte Lesezeit\" \/>\n\t<meta name=\"twitter:data1\" content=\"4\u00a0Minuten\" \/>\n<script type=\"application\/ld+json\" class=\"yoast-schema-graph\">{\"@context\":\"https:\\\/\\\/schema.org\",\"@graph\":[{\"@type\":\"WebPage\",\"@id\":\"https:\\\/\\\/www.eddh-airport.de\\\/eddhairport\\\/ehemalige-airlines\\\/united-airlines-ua-ual\\\/\",\"url\":\"https:\\\/\\\/www.eddh-airport.de\\\/eddhairport\\\/ehemalige-airlines\\\/united-airlines-ua-ual\\\/\",\"name\":\"United Airlines (UA\\\/UAL) - eddh-airport\",\"isPartOf\":{\"@id\":\"https:\\\/\\\/www.eddh-airport.de\\\/eddhairport\\\/#website\"},\"primaryImageOfPage\":{\"@id\":\"https:\\\/\\\/www.eddh-airport.de\\\/eddhairport\\\/ehemalige-airlines\\\/united-airlines-ua-ual\\\/#primaryimage\"},\"image\":{\"@id\":\"https:\\\/\\\/www.eddh-airport.de\\\/eddhairport\\\/ehemalige-airlines\\\/united-airlines-ua-ual\\\/#primaryimage\"},\"thumbnailUrl\":\"https:\\\/\\\/www.eddh-airport.de\\\/eddhairport\\\/wp-content\\\/uploads\\\/2019\\\/02\\\/UAL.jpg\",\"datePublished\":\"2019-02-04T15:47:14+00:00\",\"dateModified\":\"2019-02-10T12:13:44+00:00\",\"description\":\"Mit der Einstellung der Passagierfl\u00fcge von United Airlines zwischen Hamburg und New York, verlor Hamburg eine seiner wenigen Langstrecken.\",\"breadcrumb\":{\"@id\":\"https:\\\/\\\/www.eddh-airport.de\\\/eddhairport\\\/ehemalige-airlines\\\/united-airlines-ua-ual\\\/#breadcrumb\"},\"inLanguage\":\"de\",\"potentialAction\":[{\"@type\":\"ReadAction\",\"target\":[\"https:\\\/\\\/www.eddh-airport.de\\\/eddhairport\\\/ehemalige-airlines\\\/united-airlines-ua-ual\\\/\"]}]},{\"@type\":\"ImageObject\",\"inLanguage\":\"de\",\"@id\":\"https:\\\/\\\/www.eddh-airport.de\\\/eddhairport\\\/ehemalige-airlines\\\/united-airlines-ua-ual\\\/#primaryimage\",\"url\":\"https:\\\/\\\/www.eddh-airport.de\\\/eddhairport\\\/wp-content\\\/uploads\\\/2019\\\/02\\\/UAL.jpg\",\"contentUrl\":\"https:\\\/\\\/www.eddh-airport.de\\\/eddhairport\\\/wp-content\\\/uploads\\\/2019\\\/02\\\/UAL.jpg\",\"width\":1340,\"height\":250,\"caption\":\"Foto: Timo Soyke\"},{\"@type\":\"BreadcrumbList\",\"@id\":\"https:\\\/\\\/www.eddh-airport.de\\\/eddhairport\\\/ehemalige-airlines\\\/united-airlines-ua-ual\\\/#breadcrumb\",\"itemListElement\":[{\"@type\":\"ListItem\",\"position\":1,\"name\":\"Startseite\",\"item\":\"https:\\\/\\\/www.eddh-airport.de\\\/eddhairport\\\/\"},{\"@type\":\"ListItem\",\"position\":2,\"name\":\"Ehemalige Airlines\",\"item\":\"https:\\\/\\\/www.eddh-airport.de\\\/eddhairport\\\/ehemalige-airlines\\\/\"},{\"@type\":\"ListItem\",\"position\":3,\"name\":\"United Airlines (UA\\\/UAL)\"}]},{\"@type\":\"WebSite\",\"@id\":\"https:\\\/\\\/www.eddh-airport.de\\\/eddhairport\\\/#website\",\"url\":\"https:\\\/\\\/www.eddh-airport.de\\\/eddhairport\\\/\",\"name\":\"eddh-airport\",\"description\":\"Luftfahrtnews und Planespotting aus Hamburg\",\"publisher\":{\"@id\":\"https:\\\/\\\/www.eddh-airport.de\\\/eddhairport\\\/#organization\"},\"potentialAction\":[{\"@type\":\"SearchAction\",\"target\":{\"@type\":\"EntryPoint\",\"urlTemplate\":\"https:\\\/\\\/www.eddh-airport.de\\\/eddhairport\\\/?s={search_term_string}\"},\"query-input\":{\"@type\":\"PropertyValueSpecification\",\"valueRequired\":true,\"valueName\":\"search_term_string\"}}],\"inLanguage\":\"de\"},{\"@type\":\"Organization\",\"@id\":\"https:\\\/\\\/www.eddh-airport.de\\\/eddhairport\\\/#organization\",\"name\":\"eddh-airport\",\"url\":\"https:\\\/\\\/www.eddh-airport.de\\\/eddhairport\\\/\",\"logo\":{\"@type\":\"ImageObject\",\"inLanguage\":\"de\",\"@id\":\"https:\\\/\\\/www.eddh-airport.de\\\/eddhairport\\\/#\\\/schema\\\/logo\\\/image\\\/\",\"url\":\"https:\\\/\\\/www.eddh-airport.de\\\/eddhairport\\\/wp-content\\\/uploads\\\/2018\\\/10\\\/cropped-Neues-Logo-blau-eine-Ebene-2.jpg\",\"contentUrl\":\"https:\\\/\\\/www.eddh-airport.de\\\/eddhairport\\\/wp-content\\\/uploads\\\/2018\\\/10\\\/cropped-Neues-Logo-blau-eine-Ebene-2.jpg\",\"width\":512,\"height\":512,\"caption\":\"eddh-airport\"},\"image\":{\"@id\":\"https:\\\/\\\/www.eddh-airport.de\\\/eddhairport\\\/#\\\/schema\\\/logo\\\/image\\\/\"},\"sameAs\":[\"https:\\\/\\\/www.facebook.com\\\/eddhairport\\\/\",\"https:\\\/\\\/x.com\\\/EDDH_airport_de\",\"https:\\\/\\\/www.instagram.com\\\/eddhairport\\\/?hl=de\"]}]}<\/script>\n<!-- \/ Yoast SEO plugin. -->","yoast_head_json":{"title":"United Airlines (UA\/UAL) - eddh-airport","description":"Mit der Einstellung der Passagierfl\u00fcge von United Airlines zwischen Hamburg und New York, verlor Hamburg eine seiner wenigen Langstrecken.","robots":{"index":"index","follow":"follow","max-snippet":"max-snippet:-1","max-image-preview":"max-image-preview:large","max-video-preview":"max-video-preview:-1"},"canonical":"https:\/\/www.eddh-airport.de\/eddhairport\/ehemalige-airlines\/united-airlines-ua-ual\/","og_locale":"de_DE","og_type":"article","og_title":"United Airlines (UA\/UAL) - eddh-airport","og_description":"Mit der Einstellung der Passagierfl\u00fcge von United Airlines zwischen Hamburg und New York, verlor Hamburg eine seiner wenigen Langstrecken.","og_url":"https:\/\/www.eddh-airport.de\/eddhairport\/ehemalige-airlines\/united-airlines-ua-ual\/","og_site_name":"eddh-airport","article_publisher":"https:\/\/www.facebook.com\/eddhairport\/","article_modified_time":"2019-02-10T12:13:44+00:00","og_image":[{"width":1340,"height":250,"url":"https:\/\/www.eddh-airport.de\/eddhairport\/wp-content\/uploads\/2019\/02\/UAL.jpg","type":"image\/jpeg"}],"twitter_card":"summary_large_image","twitter_site":"@EDDH_airport_de","twitter_misc":{"Gesch\u00e4tzte Lesezeit":"4\u00a0Minuten"},"schema":{"@context":"https:\/\/schema.org","@graph":[{"@type":"WebPage","@id":"https:\/\/www.eddh-airport.de\/eddhairport\/ehemalige-airlines\/united-airlines-ua-ual\/","url":"https:\/\/www.eddh-airport.de\/eddhairport\/ehemalige-airlines\/united-airlines-ua-ual\/","name":"United Airlines (UA\/UAL) - eddh-airport","isPartOf":{"@id":"https:\/\/www.eddh-airport.de\/eddhairport\/#website"},"primaryImageOfPage":{"@id":"https:\/\/www.eddh-airport.de\/eddhairport\/ehemalige-airlines\/united-airlines-ua-ual\/#primaryimage"},"image":{"@id":"https:\/\/www.eddh-airport.de\/eddhairport\/ehemalige-airlines\/united-airlines-ua-ual\/#primaryimage"},"thumbnailUrl":"https:\/\/www.eddh-airport.de\/eddhairport\/wp-content\/uploads\/2019\/02\/UAL.jpg","datePublished":"2019-02-04T15:47:14+00:00","dateModified":"2019-02-10T12:13:44+00:00","description":"Mit der Einstellung der Passagierfl\u00fcge von United Airlines zwischen Hamburg und New York, verlor Hamburg eine seiner wenigen Langstrecken.","breadcrumb":{"@id":"https:\/\/www.eddh-airport.de\/eddhairport\/ehemalige-airlines\/united-airlines-ua-ual\/#breadcrumb"},"inLanguage":"de","potentialAction":[{"@type":"ReadAction","target":["https:\/\/www.eddh-airport.de\/eddhairport\/ehemalige-airlines\/united-airlines-ua-ual\/"]}]},{"@type":"ImageObject","inLanguage":"de","@id":"https:\/\/www.eddh-airport.de\/eddhairport\/ehemalige-airlines\/united-airlines-ua-ual\/#primaryimage","url":"https:\/\/www.eddh-airport.de\/eddhairport\/wp-content\/uploads\/2019\/02\/UAL.jpg","contentUrl":"https:\/\/www.eddh-airport.de\/eddhairport\/wp-content\/uploads\/2019\/02\/UAL.jpg","width":1340,"height":250,"caption":"Foto: Timo Soyke"},{"@type":"BreadcrumbList","@id":"https:\/\/www.eddh-airport.de\/eddhairport\/ehemalige-airlines\/united-airlines-ua-ual\/#breadcrumb","itemListElement":[{"@type":"ListItem","position":1,"name":"Startseite","item":"https:\/\/www.eddh-airport.de\/eddhairport\/"},{"@type":"ListItem","position":2,"name":"Ehemalige Airlines","item":"https:\/\/www.eddh-airport.de\/eddhairport\/ehemalige-airlines\/"},{"@type":"ListItem","position":3,"name":"United Airlines (UA\/UAL)"}]},{"@type":"WebSite","@id":"https:\/\/www.eddh-airport.de\/eddhairport\/#website","url":"https:\/\/www.eddh-airport.de\/eddhairport\/","name":"eddh-airport","description":"Luftfahrtnews und Planespotting aus Hamburg","publisher":{"@id":"https:\/\/www.eddh-airport.de\/eddhairport\/#organization"},"potentialAction":[{"@type":"SearchAction","target":{"@type":"EntryPoint","urlTemplate":"https:\/\/www.eddh-airport.de\/eddhairport\/?s={search_term_string}"},"query-input":{"@type":"PropertyValueSpecification","valueRequired":true,"valueName":"search_term_string"}}],"inLanguage":"de"},{"@type":"Organization","@id":"https:\/\/www.eddh-airport.de\/eddhairport\/#organization","name":"eddh-airport","url":"https:\/\/www.eddh-airport.de\/eddhairport\/","logo":{"@type":"ImageObject","inLanguage":"de","@id":"https:\/\/www.eddh-airport.de\/eddhairport\/#\/schema\/logo\/image\/","url":"https:\/\/www.eddh-airport.de\/eddhairport\/wp-content\/uploads\/2018\/10\/cropped-Neues-Logo-blau-eine-Ebene-2.jpg","contentUrl":"https:\/\/www.eddh-airport.de\/eddhairport\/wp-content\/uploads\/2018\/10\/cropped-Neues-Logo-blau-eine-Ebene-2.jpg","width":512,"height":512,"caption":"eddh-airport"},"image":{"@id":"https:\/\/www.eddh-airport.de\/eddhairport\/#\/schema\/logo\/image\/"},"sameAs":["https:\/\/www.facebook.com\/eddhairport\/","https:\/\/x.com\/EDDH_airport_de","https:\/\/www.instagram.com\/eddhairport\/?hl=de"]}]}},"_links":{"self":[{"href":"https:\/\/www.eddh-airport.de\/eddhairport\/wp-json\/wp\/v2\/pages\/1099","targetHints":{"allow":["GET"]}}],"collection":[{"href":"https:\/\/www.eddh-airport.de\/eddhairport\/wp-json\/wp\/v2\/pages"}],"about":[{"href":"https:\/\/www.eddh-airport.de\/eddhairport\/wp-json\/wp\/v2\/types\/page"}],"author":[{"embeddable":true,"href":"https:\/\/www.eddh-airport.de\/eddhairport\/wp-json\/wp\/v2\/users\/6"}],"replies":[{"embeddable":true,"href":"https:\/\/www.eddh-airport.de\/eddhairport\/wp-json\/wp\/v2\/comments?post=1099"}],"version-history":[{"count":7,"href":"https:\/\/www.eddh-airport.de\/eddhairport\/wp-json\/wp\/v2\/pages\/1099\/revisions"}],"predecessor-version":[{"id":1212,"href":"https:\/\/www.eddh-airport.de\/eddhairport\/wp-json\/wp\/v2\/pages\/1099\/revisions\/1212"}],"up":[{"embeddable":true,"href":"https:\/\/www.eddh-airport.de\/eddhairport\/wp-json\/wp\/v2\/pages\/123"}],"wp:featuredmedia":[{"embeddable":true,"href":"https:\/\/www.eddh-airport.de\/eddhairport\/wp-json\/wp\/v2\/media\/1128"}],"wp:attachment":[{"href":"https:\/\/www.eddh-airport.de\/eddhairport\/wp-json\/wp\/v2\/media?parent=1099"}],"curies":[{"name":"wp","href":"https:\/\/api.w.org\/{rel}","templated":true}]}}