{"id":1069,"date":"2019-02-02T08:19:15","date_gmt":"2019-02-02T07:19:15","guid":{"rendered":"https:\/\/www.eddh-airport.de\/eddhairport\/?page_id=1069"},"modified":"2019-02-10T13:12:23","modified_gmt":"2019-02-10T12:12:23","slug":"emirates-ek-uae","status":"publish","type":"page","link":"https:\/\/www.eddh-airport.de\/eddhairport\/airlines-in-hamburg\/emirates-ek-uae\/","title":{"rendered":"Emirates (EK\/UAE)"},"content":{"rendered":"<h6>Emirates<\/h6>\n<h6>Der Beginn<\/h6>\n<p>Emirates nahm Hamburg, nach mehreren durch Flugzeugmangel bedingten Verz\u00f6gerungen von insgesamt vier Monaten, im M\u00e4rz 2006 in ihr Streckennetz auf. Zum Einsatz kamen Airbus A330-200, welche einmal t\u00e4glich, aus Dubai kommend, in Fuhlsb\u00fcttel landeten. Bereits kurz nach Aufnahme der Strecke wurde bekanntgegeben, dass man den Flug ab Oktober 2006 \u00fcber Hamburg hinaus nach New York JFK verl\u00e4ngern werde. Zum Einsatz w\u00fcrden, ebenfalls t\u00e4glich, die damals nagelneuen Boeing 777-300ER kommen. Nachdem sich der Flug nach New York, in Konkurrenz zu Continental Airlines t\u00e4glichem Flug, nicht so schnell etablierte wie erhofft, setzte man ab Juni 2007 Airbus A340-500 auf der Strecke Dubai \u2013 Hamburg \u2013 New York ein, welche eine geringere Kapazit\u00e4t aufweisen. Aufgrund der dadurch auch deutlich geringeren Frachtkapazit\u00e4t schickte Emirates fortan zus\u00e4tzlich w\u00f6chentlich einen A310 Vollfrachter nach Hamburg. Ende M\u00e4rz 2008 wurde die Verl\u00e4ngerung nach New York eingestellt. Die Gr\u00fcnde daf\u00fcr sind vielseitig, der Flug entwickelte sich schleppend und die \u00d6lpreise stiegen rapide, auch politische Hintergr\u00fcnde haben wohl eine Rolle gespielt.<\/p>\n<h6>Ab 2008<\/h6>\n<p>Fortan bediente Emirates Hamburg wieder einmal t\u00e4glich aus Dubai, zun\u00e4chst aus einem Mix von Boeing 777-200\/-200ER und 777-300, ab Winterflugplan 2008 dann mit Boeing 777-300ER. Ein paar Jahre sp\u00e4ter: aufgrund sehr guter Buchungszahlen wurde die Kapazit\u00e4t auf der Strecke fast verdoppelt. Ab September 2011 wurde ein zus\u00e4tzlicher, t\u00e4glicher Abflug am Abend eingef\u00fchrt, welcher von Boeing 777-200ER durchgef\u00fchrt wurde, sp\u00e4ter auf die 777-200LR umgestellt. Ab Dezember 2013 wurde dann auch der Abendflug mit 777-300ER durchgef\u00fchrt. Einige Jahre sp\u00e4ter stieg bei Emirates das Interesse, aufgrund der Beliebtheit der Verbindung einen der Fl\u00fcge auf A380 umzustellen. Dies war aber nicht m\u00f6glich, da der Flughafen noch nicht auf die Abfertigung von A380 im Liniendienst ausgelegt war. Nachdem der Airport sich im Rahmen einer Vorfelderneuerung \u201eA380-Ready\u201c gemacht hatte, konnte Ende Oktober 2018 der erste A380 im Liniendienst nach Hamburg begr\u00fc\u00dft werden, auf der Abendverbindung. Der Flug am Nachmittag wird nach wie vor mit einer Boeing 777-300ER durchgef\u00fchrt.<\/p>\n<p>Im Januar 2019 wird bekannt, dass Emirates beabsichtigt, den Flug von Hamburg nach New York wieder einzuf\u00fchren. N\u00e4here Details sind noch nicht bekannt und es gibt noch b\u00fcrokratische H\u00fcrden, welche aus dem Weg geschafft werden m\u00fcssen.<\/p>\n<h6>Flotte<\/h6>\n<p>Die Flotte von Emirates besteht derzeit (Stand Januar 2019) aus: 109 Airbus A380-800 10 Boeing 777-200LR 139 Boeing 777-300ER 13 Boeing 777F Noch bestellt sind zudem: 53 Airbus A380-800 35 Boeing 777-8 115 Boeing 777-9<\/p>\n<p><em>Von Levent C. Mirlay<\/em><\/p>\n","protected":false},"excerpt":{"rendered":"<p>Emirates Der Beginn Emirates nahm Hamburg, nach mehreren durch Flugzeugmangel bedingten Verz\u00f6gerungen von insgesamt vier Monaten, im M\u00e4rz 2006 in ihr Streckennetz auf. Zum Einsatz kamen Airbus A330-200, welche einmal t\u00e4glich, aus Dubai kommend, in Fuhlsb\u00fcttel landeten. Bereits kurz nach Aufnahme der Strecke wurde bekanntgegeben, dass man den Flug ab Oktober 2006 \u00fcber Hamburg hinaus [&hellip;]<\/p>\n","protected":false},"author":1,"featured_media":1070,"parent":62,"menu_order":0,"comment_status":"closed","ping_status":"closed","template":"","meta":{"_monsterinsights_skip_tracking":false,"_monsterinsights_sitenote_active":false,"_monsterinsights_sitenote_note":"","_monsterinsights_sitenote_category":0,"site-sidebar-layout":"default","site-content-layout":"","ast-site-content-layout":"default","site-content-style":"default","site-sidebar-style":"default","ast-global-header-display":"","ast-banner-title-visibility":"","ast-main-header-display":"","ast-hfb-above-header-display":"","ast-hfb-below-header-display":"","ast-hfb-mobile-header-display":"","site-post-title":"","ast-breadcrumbs-content":"","ast-featured-img":"","footer-sml-layout":"","ast-disable-related-posts":"","theme-transparent-header-meta":"","adv-header-id-meta":"","stick-header-meta":"","header-above-stick-meta":"","header-main-stick-meta":"","header-below-stick-meta":"","astra-migrate-meta-layouts":"default","ast-page-background-enabled":"default","ast-page-background-meta":{"desktop":{"background-color":"","background-image":"","background-repeat":"repeat","background-position":"center center","background-size":"auto","background-attachment":"scroll","background-type":"","background-media":"","overlay-type":"","overlay-color":"","overlay-opacity":"","overlay-gradient":""},"tablet":{"background-color":"","background-image":"","background-repeat":"repeat","background-position":"center center","background-size":"auto","background-attachment":"scroll","background-type":"","background-media":"","overlay-type":"","overlay-color":"","overlay-opacity":"","overlay-gradient":""},"mobile":{"background-color":"","background-image":"","background-repeat":"repeat","background-position":"center center","background-size":"auto","background-attachment":"scroll","background-type":"","background-media":"","overlay-type":"","overlay-color":"","overlay-opacity":"","overlay-gradient":""}},"ast-content-background-meta":{"desktop":{"background-color":"var(--ast-global-color-5)","background-image":"","background-repeat":"repeat","background-position":"center center","background-size":"auto","background-attachment":"scroll","background-type":"","background-media":"","overlay-type":"","overlay-color":"","overlay-opacity":"","overlay-gradient":""},"tablet":{"background-color":"var(--ast-global-color-5)","background-image":"","background-repeat":"repeat","background-position":"center center","background-size":"auto","background-attachment":"scroll","background-type":"","background-media":"","overlay-type":"","overlay-color":"","overlay-opacity":"","overlay-gradient":""},"mobile":{"background-color":"var(--ast-global-color-5)","background-image":"","background-repeat":"repeat","background-position":"center center","background-size":"auto","background-attachment":"scroll","background-type":"","background-media":"","overlay-type":"","overlay-color":"","overlay-opacity":"","overlay-gradient":""}},"footnotes":""},"class_list":["post-1069","page","type-page","status-publish","has-post-thumbnail","hentry"],"yoast_head":"<!-- This site is optimized with the Yoast SEO plugin v27.1.1 - https:\/\/yoast.com\/product\/yoast-seo-wordpress\/ -->\n<title>Emirates (EK\/UAE) - eddh-airport<\/title>\n<meta name=\"description\" content=\"Seit 2006 fliegt Emirates den Hamburger Flughafen an. Auf dieser Seite erfahrt ihr mehr \u00fcber die Entwicklung der Airline am Standort Hamburg.\" \/>\n<meta name=\"robots\" content=\"index, follow, max-snippet:-1, max-image-preview:large, max-video-preview:-1\" \/>\n<link rel=\"canonical\" href=\"https:\/\/www.eddh-airport.de\/eddhairport\/airlines-in-hamburg\/emirates-ek-uae\/\" \/>\n<meta property=\"og:locale\" content=\"de_DE\" \/>\n<meta property=\"og:type\" content=\"article\" \/>\n<meta property=\"og:title\" content=\"Emirates (EK\/UAE) - eddh-airport\" \/>\n<meta property=\"og:description\" content=\"Seit 2006 fliegt Emirates den Hamburger Flughafen an. Auf dieser Seite erfahrt ihr mehr \u00fcber die Entwicklung der Airline am Standort Hamburg.\" \/>\n<meta property=\"og:url\" content=\"https:\/\/www.eddh-airport.de\/eddhairport\/airlines-in-hamburg\/emirates-ek-uae\/\" \/>\n<meta property=\"og:site_name\" content=\"eddh-airport\" \/>\n<meta property=\"article:publisher\" content=\"https:\/\/www.facebook.com\/eddhairport\/\" \/>\n<meta property=\"article:modified_time\" content=\"2019-02-10T12:12:23+00:00\" \/>\n<meta property=\"og:image\" content=\"https:\/\/www.eddh-airport.de\/eddhairport\/wp-content\/uploads\/2019\/02\/EKeddh.jpg\" \/>\n\t<meta property=\"og:image:width\" content=\"1340\" \/>\n\t<meta property=\"og:image:height\" content=\"250\" \/>\n\t<meta property=\"og:image:type\" content=\"image\/jpeg\" \/>\n<meta name=\"twitter:card\" content=\"summary_large_image\" \/>\n<meta name=\"twitter:site\" content=\"@EDDH_airport_de\" \/>\n<meta name=\"twitter:label1\" content=\"Gesch\u00e4tzte Lesezeit\" \/>\n\t<meta name=\"twitter:data1\" content=\"2\u00a0Minuten\" \/>\n<script type=\"application\/ld+json\" class=\"yoast-schema-graph\">{\"@context\":\"https:\/\/schema.org\",\"@graph\":[{\"@type\":\"WebPage\",\"@id\":\"https:\/\/www.eddh-airport.de\/eddhairport\/airlines-in-hamburg\/emirates-ek-uae\/\",\"url\":\"https:\/\/www.eddh-airport.de\/eddhairport\/airlines-in-hamburg\/emirates-ek-uae\/\",\"name\":\"Emirates (EK\/UAE) - eddh-airport\",\"isPartOf\":{\"@id\":\"https:\/\/www.eddh-airport.de\/eddhairport\/#website\"},\"primaryImageOfPage\":{\"@id\":\"https:\/\/www.eddh-airport.de\/eddhairport\/airlines-in-hamburg\/emirates-ek-uae\/#primaryimage\"},\"image\":{\"@id\":\"https:\/\/www.eddh-airport.de\/eddhairport\/airlines-in-hamburg\/emirates-ek-uae\/#primaryimage\"},\"thumbnailUrl\":\"https:\/\/www.eddh-airport.de\/eddhairport\/wp-content\/uploads\/2019\/02\/EKeddh.jpg\",\"datePublished\":\"2019-02-02T07:19:15+00:00\",\"dateModified\":\"2019-02-10T12:12:23+00:00\",\"description\":\"Seit 2006 fliegt Emirates den Hamburger Flughafen an. Auf dieser Seite erfahrt ihr mehr \u00fcber die Entwicklung der Airline am Standort Hamburg.\",\"breadcrumb\":{\"@id\":\"https:\/\/www.eddh-airport.de\/eddhairport\/airlines-in-hamburg\/emirates-ek-uae\/#breadcrumb\"},\"inLanguage\":\"de\",\"potentialAction\":[{\"@type\":\"ReadAction\",\"target\":[\"https:\/\/www.eddh-airport.de\/eddhairport\/airlines-in-hamburg\/emirates-ek-uae\/\"]}]},{\"@type\":\"ImageObject\",\"inLanguage\":\"de\",\"@id\":\"https:\/\/www.eddh-airport.de\/eddhairport\/airlines-in-hamburg\/emirates-ek-uae\/#primaryimage\",\"url\":\"https:\/\/www.eddh-airport.de\/eddhairport\/wp-content\/uploads\/2019\/02\/EKeddh.jpg\",\"contentUrl\":\"https:\/\/www.eddh-airport.de\/eddhairport\/wp-content\/uploads\/2019\/02\/EKeddh.jpg\",\"width\":1340,\"height\":250},{\"@type\":\"BreadcrumbList\",\"@id\":\"https:\/\/www.eddh-airport.de\/eddhairport\/airlines-in-hamburg\/emirates-ek-uae\/#breadcrumb\",\"itemListElement\":[{\"@type\":\"ListItem\",\"position\":1,\"name\":\"Startseite\",\"item\":\"https:\/\/www.eddh-airport.de\/eddhairport\/\"},{\"@type\":\"ListItem\",\"position\":2,\"name\":\"Airlines in Hamburg\",\"item\":\"https:\/\/www.eddh-airport.de\/eddhairport\/airlines-in-hamburg\/\"},{\"@type\":\"ListItem\",\"position\":3,\"name\":\"Emirates (EK\/UAE)\"}]},{\"@type\":\"WebSite\",\"@id\":\"https:\/\/www.eddh-airport.de\/eddhairport\/#website\",\"url\":\"https:\/\/www.eddh-airport.de\/eddhairport\/\",\"name\":\"eddh-airport\",\"description\":\"Luftfahrtnews und Planespotting aus Hamburg\",\"publisher\":{\"@id\":\"https:\/\/www.eddh-airport.de\/eddhairport\/#organization\"},\"potentialAction\":[{\"@type\":\"SearchAction\",\"target\":{\"@type\":\"EntryPoint\",\"urlTemplate\":\"https:\/\/www.eddh-airport.de\/eddhairport\/?s={search_term_string}\"},\"query-input\":{\"@type\":\"PropertyValueSpecification\",\"valueRequired\":true,\"valueName\":\"search_term_string\"}}],\"inLanguage\":\"de\"},{\"@type\":\"Organization\",\"@id\":\"https:\/\/www.eddh-airport.de\/eddhairport\/#organization\",\"name\":\"eddh-airport\",\"url\":\"https:\/\/www.eddh-airport.de\/eddhairport\/\",\"logo\":{\"@type\":\"ImageObject\",\"inLanguage\":\"de\",\"@id\":\"https:\/\/www.eddh-airport.de\/eddhairport\/#\/schema\/logo\/image\/\",\"url\":\"https:\/\/www.eddh-airport.de\/eddhairport\/wp-content\/uploads\/2018\/10\/cropped-Neues-Logo-blau-eine-Ebene-2.jpg\",\"contentUrl\":\"https:\/\/www.eddh-airport.de\/eddhairport\/wp-content\/uploads\/2018\/10\/cropped-Neues-Logo-blau-eine-Ebene-2.jpg\",\"width\":512,\"height\":512,\"caption\":\"eddh-airport\"},\"image\":{\"@id\":\"https:\/\/www.eddh-airport.de\/eddhairport\/#\/schema\/logo\/image\/\"},\"sameAs\":[\"https:\/\/www.facebook.com\/eddhairport\/\",\"https:\/\/x.com\/EDDH_airport_de\",\"https:\/\/www.instagram.com\/eddhairport\/?hl=de\"]}]}<\/script>\n<!-- \/ Yoast SEO plugin. -->","yoast_head_json":{"title":"Emirates (EK\/UAE) - eddh-airport","description":"Seit 2006 fliegt Emirates den Hamburger Flughafen an. Auf dieser Seite erfahrt ihr mehr \u00fcber die Entwicklung der Airline am Standort Hamburg.","robots":{"index":"index","follow":"follow","max-snippet":"max-snippet:-1","max-image-preview":"max-image-preview:large","max-video-preview":"max-video-preview:-1"},"canonical":"https:\/\/www.eddh-airport.de\/eddhairport\/airlines-in-hamburg\/emirates-ek-uae\/","og_locale":"de_DE","og_type":"article","og_title":"Emirates (EK\/UAE) - eddh-airport","og_description":"Seit 2006 fliegt Emirates den Hamburger Flughafen an. Auf dieser Seite erfahrt ihr mehr \u00fcber die Entwicklung der Airline am Standort Hamburg.","og_url":"https:\/\/www.eddh-airport.de\/eddhairport\/airlines-in-hamburg\/emirates-ek-uae\/","og_site_name":"eddh-airport","article_publisher":"https:\/\/www.facebook.com\/eddhairport\/","article_modified_time":"2019-02-10T12:12:23+00:00","og_image":[{"width":1340,"height":250,"url":"https:\/\/www.eddh-airport.de\/eddhairport\/wp-content\/uploads\/2019\/02\/EKeddh.jpg","type":"image\/jpeg"}],"twitter_card":"summary_large_image","twitter_site":"@EDDH_airport_de","twitter_misc":{"Gesch\u00e4tzte Lesezeit":"2\u00a0Minuten"},"schema":{"@context":"https:\/\/schema.org","@graph":[{"@type":"WebPage","@id":"https:\/\/www.eddh-airport.de\/eddhairport\/airlines-in-hamburg\/emirates-ek-uae\/","url":"https:\/\/www.eddh-airport.de\/eddhairport\/airlines-in-hamburg\/emirates-ek-uae\/","name":"Emirates (EK\/UAE) - eddh-airport","isPartOf":{"@id":"https:\/\/www.eddh-airport.de\/eddhairport\/#website"},"primaryImageOfPage":{"@id":"https:\/\/www.eddh-airport.de\/eddhairport\/airlines-in-hamburg\/emirates-ek-uae\/#primaryimage"},"image":{"@id":"https:\/\/www.eddh-airport.de\/eddhairport\/airlines-in-hamburg\/emirates-ek-uae\/#primaryimage"},"thumbnailUrl":"https:\/\/www.eddh-airport.de\/eddhairport\/wp-content\/uploads\/2019\/02\/EKeddh.jpg","datePublished":"2019-02-02T07:19:15+00:00","dateModified":"2019-02-10T12:12:23+00:00","description":"Seit 2006 fliegt Emirates den Hamburger Flughafen an. Auf dieser Seite erfahrt ihr mehr \u00fcber die Entwicklung der Airline am Standort Hamburg.","breadcrumb":{"@id":"https:\/\/www.eddh-airport.de\/eddhairport\/airlines-in-hamburg\/emirates-ek-uae\/#breadcrumb"},"inLanguage":"de","potentialAction":[{"@type":"ReadAction","target":["https:\/\/www.eddh-airport.de\/eddhairport\/airlines-in-hamburg\/emirates-ek-uae\/"]}]},{"@type":"ImageObject","inLanguage":"de","@id":"https:\/\/www.eddh-airport.de\/eddhairport\/airlines-in-hamburg\/emirates-ek-uae\/#primaryimage","url":"https:\/\/www.eddh-airport.de\/eddhairport\/wp-content\/uploads\/2019\/02\/EKeddh.jpg","contentUrl":"https:\/\/www.eddh-airport.de\/eddhairport\/wp-content\/uploads\/2019\/02\/EKeddh.jpg","width":1340,"height":250},{"@type":"BreadcrumbList","@id":"https:\/\/www.eddh-airport.de\/eddhairport\/airlines-in-hamburg\/emirates-ek-uae\/#breadcrumb","itemListElement":[{"@type":"ListItem","position":1,"name":"Startseite","item":"https:\/\/www.eddh-airport.de\/eddhairport\/"},{"@type":"ListItem","position":2,"name":"Airlines in Hamburg","item":"https:\/\/www.eddh-airport.de\/eddhairport\/airlines-in-hamburg\/"},{"@type":"ListItem","position":3,"name":"Emirates (EK\/UAE)"}]},{"@type":"WebSite","@id":"https:\/\/www.eddh-airport.de\/eddhairport\/#website","url":"https:\/\/www.eddh-airport.de\/eddhairport\/","name":"eddh-airport","description":"Luftfahrtnews und Planespotting aus Hamburg","publisher":{"@id":"https:\/\/www.eddh-airport.de\/eddhairport\/#organization"},"potentialAction":[{"@type":"SearchAction","target":{"@type":"EntryPoint","urlTemplate":"https:\/\/www.eddh-airport.de\/eddhairport\/?s={search_term_string}"},"query-input":{"@type":"PropertyValueSpecification","valueRequired":true,"valueName":"search_term_string"}}],"inLanguage":"de"},{"@type":"Organization","@id":"https:\/\/www.eddh-airport.de\/eddhairport\/#organization","name":"eddh-airport","url":"https:\/\/www.eddh-airport.de\/eddhairport\/","logo":{"@type":"ImageObject","inLanguage":"de","@id":"https:\/\/www.eddh-airport.de\/eddhairport\/#\/schema\/logo\/image\/","url":"https:\/\/www.eddh-airport.de\/eddhairport\/wp-content\/uploads\/2018\/10\/cropped-Neues-Logo-blau-eine-Ebene-2.jpg","contentUrl":"https:\/\/www.eddh-airport.de\/eddhairport\/wp-content\/uploads\/2018\/10\/cropped-Neues-Logo-blau-eine-Ebene-2.jpg","width":512,"height":512,"caption":"eddh-airport"},"image":{"@id":"https:\/\/www.eddh-airport.de\/eddhairport\/#\/schema\/logo\/image\/"},"sameAs":["https:\/\/www.facebook.com\/eddhairport\/","https:\/\/x.com\/EDDH_airport_de","https:\/\/www.instagram.com\/eddhairport\/?hl=de"]}]}},"_links":{"self":[{"href":"https:\/\/www.eddh-airport.de\/eddhairport\/wp-json\/wp\/v2\/pages\/1069","targetHints":{"allow":["GET"]}}],"collection":[{"href":"https:\/\/www.eddh-airport.de\/eddhairport\/wp-json\/wp\/v2\/pages"}],"about":[{"href":"https:\/\/www.eddh-airport.de\/eddhairport\/wp-json\/wp\/v2\/types\/page"}],"author":[{"embeddable":true,"href":"https:\/\/www.eddh-airport.de\/eddhairport\/wp-json\/wp\/v2\/users\/1"}],"replies":[{"embeddable":true,"href":"https:\/\/www.eddh-airport.de\/eddhairport\/wp-json\/wp\/v2\/comments?post=1069"}],"version-history":[{"count":7,"href":"https:\/\/www.eddh-airport.de\/eddhairport\/wp-json\/wp\/v2\/pages\/1069\/revisions"}],"predecessor-version":[{"id":1211,"href":"https:\/\/www.eddh-airport.de\/eddhairport\/wp-json\/wp\/v2\/pages\/1069\/revisions\/1211"}],"up":[{"embeddable":true,"href":"https:\/\/www.eddh-airport.de\/eddhairport\/wp-json\/wp\/v2\/pages\/62"}],"wp:featuredmedia":[{"embeddable":true,"href":"https:\/\/www.eddh-airport.de\/eddhairport\/wp-json\/wp\/v2\/media\/1070"}],"wp:attachment":[{"href":"https:\/\/www.eddh-airport.de\/eddhairport\/wp-json\/wp\/v2\/media?parent=1069"}],"curies":[{"name":"wp","href":"https:\/\/api.w.org\/{rel}","templated":true}]}}